{"id":743,"date":"2020-03-30T19:14:02","date_gmt":"2020-03-30T17:14:02","guid":{"rendered":"https:\/\/marcoflecha.com\/?page_id=743"},"modified":"2024-03-26T17:10:04","modified_gmt":"2024-03-26T16:10:04","slug":"politica-de-privacidad","status":"publish","type":"page","link":"https:\/\/marcoflecha.com\/en\/politica-de-privacidad\/","title":{"rendered":"Legal warning"},"content":{"rendered":"<div data-elementor-type=\"wp-page\" data-elementor-id=\"743\" class=\"elementor elementor-743\" data-elementor-post-type=\"page\">\n\t\t\t\t\t\t<section class=\"elementor-section elementor-top-section elementor-element elementor-element-bf13f8b elementor-section-content-middle elementor-reverse-mobile elementor-section-boxed elementor-section-height-default elementor-section-height-default\" data-id=\"bf13f8b\" data-element_type=\"section\">\n\t\t\t\t\t\t<div class=\"elementor-container elementor-column-gap-no\">\n\t\t\t\t\t<div class=\"elementor-column elementor-col-100 elementor-top-column elementor-element elementor-element-a323060\" data-id=\"a323060\" data-element_type=\"column\">\n\t\t\t<div class=\"elementor-widget-wrap elementor-element-populated\">\n\t\t\t\t\t\t<div class=\"elementor-element elementor-element-aa17036 elementor-invisible elementor-widget elementor-widget-heading\" data-id=\"aa17036\" data-element_type=\"widget\" data-settings=\"{&quot;_animation&quot;:&quot;lightSpeedIn&quot;}\" data-widget_type=\"heading.default\">\n\t\t\t\t<div class=\"elementor-widget-container\">\n\t\t\t\t\t<h2 class=\"elementor-heading-title elementor-size-default\">Legal warning<\/h2>\t\t\t\t<\/div>\n\t\t\t\t<\/div>\n\t\t\t\t<div class=\"elementor-element elementor-element-ec8455c elementor-widget-divider--view-line elementor-invisible elementor-widget elementor-widget-divider\" data-id=\"ec8455c\" data-element_type=\"widget\" data-settings=\"{&quot;_animation&quot;:&quot;lightSpeedIn&quot;}\" data-widget_type=\"divider.default\">\n\t\t\t\t<div class=\"elementor-widget-container\">\n\t\t\t\t\t\t\t<div class=\"elementor-divider\">\n\t\t\t<span class=\"elementor-divider-separator\">\n\t\t\t\t\t\t<\/span>\n\t\t<\/div>\n\t\t\t\t\t\t<\/div>\n\t\t\t\t<\/div>\n\t\t\t\t\t<\/div>\n\t\t<\/div>\n\t\t\t\t\t<\/div>\n\t\t<\/section>\n\t\t\t\t<section class=\"elementor-section elementor-top-section elementor-element elementor-element-2207d5b4 elementor-section-boxed elementor-section-height-default elementor-section-height-default\" data-id=\"2207d5b4\" data-element_type=\"section\">\n\t\t\t\t\t\t<div class=\"elementor-container elementor-column-gap-default\">\n\t\t\t\t\t<div class=\"elementor-column elementor-col-50 elementor-top-column elementor-element elementor-element-726c1c10\" data-id=\"726c1c10\" data-element_type=\"column\">\n\t\t\t<div class=\"elementor-widget-wrap elementor-element-populated\">\n\t\t\t\t\t\t<div class=\"elementor-element elementor-element-4c1afb2c elementor-widget__width-initial elementor-widget elementor-widget-text-editor\" data-id=\"4c1afb2c\" data-element_type=\"widget\" data-widget_type=\"text-editor.default\">\n\t\t\t\t<div class=\"elementor-widget-container\">\n\t\t\t\t\t\t\t\t\t<p><\/p>\n<p>Esta p\u00e1gina Web es titularidad de Marco Flecha Torres, con CIF x9529816l y con domicilio social en C\/ Galicia, 65 &#8211;\u00a0Sevilla, con direcci\u00f3n de correo electr\u00f3nico\u00a0<a href=\"mailto:cuenteropy@gmail.com\">cuenteropy@gmail.com<\/a>, n\u00famero de tel\u00e9fono 679 946 857.\u00a0<\/p>\n<p>La utilizaci\u00f3n de esta p\u00e1gina Web atribuye la condici\u00f3n de Usuario a quien lo haga e implica la aceptaci\u00f3n de todas las condiciones incluidas en este Aviso Legal. El Usuario deber\u00e1 leer estas condiciones cada vez que acceda a esta Web, ya que pueden ser modificadas en lo sucesivo. Algunos aspectos de esta p\u00e1gina Web, por su especialidad, pueden estar sujetos a condiciones o reglas particulares que pueden sustituir, completar o modificar este Aviso Legal, por lo que tambi\u00e9n deben ser aceptadas por el Usuario que los utilice o acceda a ellos.<\/p>\n<p>Todos los contenidos de esta Web (textos, fotograf\u00edas, gr\u00e1ficos, im\u00e1genes, tecnolog\u00eda, software, links, contenidos audiovisuales o sonoros, dise\u00f1o gr\u00e1fico, c\u00f3digo fuente, etc.), as\u00ed como las\u00a0 marcas y dem\u00e1s signos distintivos son propiedad del titular de la Web o de terceros, no adquiriendo el Usuario ning\u00fan derecho sobre ellos por el mero uso de esta Web.<\/p>\n<p>Queda prohibido el uso de esta Web con la finalidad de lesionar bienes, derechos o intereses del titular de la Web o de terceros. Queda igualmente prohibido realizar cualquier otro uso que altere, da\u00f1e o inutilice las redes, servidores, equipos, productos y programas inform\u00e1ticos del titular de la Web o de terceros.<\/p>\n<p>El Usuario, deber\u00e1 abstenerse de: a) reproducir, copiar, distribuir, poner a disposici\u00f3n de terceros, comunicar p\u00fablicamente, transformar o modificar los contenidos de esta Web, salvo en los casos contemplados en la ley o expresamente autorizados por el titular de la Web o los titulares de los derechos; b) reproducir o copiar para uso privado el software o las bases de datos existentes en esta Web, as\u00ed como comunicarlos p\u00fablicamente o ponerlos a disposici\u00f3n de terceros cuando ello conlleve su reproducci\u00f3n; c) extraer o reutilizar todo o parte sustancial de los contenidos integrantes de esta Web.<\/p>\n<p>El Usuario es responsable de que la informaci\u00f3n que proporcione a trav\u00e9s de esta Web sea cierta. A estos efectos, el Usuario responde de la veracidad de todos los datos que comunique y mantendr\u00e1 convenientemente actualizada la informaci\u00f3n facilitada, de tal forma que responda a su situaci\u00f3n real.\u00a0<\/p>\n<p>El Usuario que quiera introducir enlaces a esta Web desde sus propias p\u00e1ginas Web estar\u00e1 obligado a cumplir las condiciones siguientes: a) el enlace \u00fanicamente vincular\u00e1 con la home page, no pudiendo reproducirla de ninguna forma; b) no podr\u00e1n establecerse frames o marcos de cualquier tipo que rodeen la Web o permitan visualizarla a trav\u00e9s de direcciones de Internet distintas o conjuntamente con contenidos ajenos a esta Web, de forma que produzca, o pueda producir, error o confusi\u00f3n en los usuarios sobre la procedencia del servicio o su contenido, implique un acto de comparaci\u00f3n o imitaci\u00f3n desleal, sirva para aprovechar la reputaci\u00f3n, marca y prestigio del titular de esta Web o se haga de cualquier otro modo que\u00a0<\/p>\t\t\t\t\t\t\t\t<\/div>\n\t\t\t\t<\/div>\n\t\t\t\t\t<\/div>\n\t\t<\/div>\n\t\t\t\t<div class=\"elementor-column elementor-col-50 elementor-top-column elementor-element elementor-element-b104c57\" data-id=\"b104c57\" data-element_type=\"column\">\n\t\t\t<div class=\"elementor-widget-wrap elementor-element-populated\">\n\t\t\t\t\t\t<div class=\"elementor-element elementor-element-8d3f784 elementor-widget elementor-widget-text-editor\" data-id=\"8d3f784\" data-element_type=\"widget\" data-widget_type=\"text-editor.default\">\n\t\t\t\t<div class=\"elementor-widget-container\">\n\t\t\t\t\t\t\t\t\t<p><\/p>\n<p>est\u00e9 prohibido por la Ley; c)\u00a0 desde la p\u00e1gina que realice el enlace no podr\u00e1 efectuarse ning\u00fan tipo de manifestaci\u00f3n falsa o inexacta sobre el titular de esta Web, sobre la calidad de sus servicios o sobre sus empleados o clientes; d) El remitente no podr\u00e1 utilizar el nombre, la marca o cualquier otro signo distintivo del titular de esta Web dentro de su p\u00e1gina, salvo en los casos autorizados por la ley o permitidos expresamente por el aquel; e)\u00a0 la p\u00e1gina que establezca el enlace deber\u00e1 observar la legalidad vigente y no podr\u00e1 disponer de o enlazar con contenidos il\u00edcitos, nocivos, contrarios a la moral y a las buenas costumbres, que produzcan o puedan producir la falsa idea de que el titular de esta Web respalda o apoya, las ideas, manifestaciones o actuaciones del remitente o que resulten inadecuados en relaci\u00f3n con la actividad desarrollada por el titular de esta Web, teniendo en cuenta los contenidos y la tem\u00e1tica general de la p\u00e1gina Web donde se establezca el enlace.<\/p>\n<p>El titular de esta Web no es responsable de controlar que en ella no existan programas maliciosos o cualquier otro elemento inform\u00e1tico da\u00f1ino. Corresponde al Usuario, en todo caso, disponer de herramientas adecuadas para la detecci\u00f3n y desinfecci\u00f3n de estos elementos. De acuerdo con ello, el titular de esta Web no se responsabiliza de los da\u00f1os producidos a equipos inform\u00e1ticos durante el acceso a la presente Web. Igualmente, titular de esta Web no ser\u00e1 responsable de los da\u00f1os producidos a los Usuarios cuando dichos da\u00f1os tengan su origen en fallos o desconexiones en las redes de telecomunicaciones que interrumpan el servicio de la Web.<\/p>\n<p>Esta Web incluye dispositivos t\u00e9cnicos de enlace que permiten al Usuario acceder a otras p\u00e1ginas de Internet (enlaces). En estos casos, el titular de esta Web s\u00f3lo ser\u00e1 responsable de los contenidos y servicios suministrados a trav\u00e9s de los enlaces en cuanto conozca su ilicitud y no los haya desactivado diligentemente. Si un Usuario considerase que existe un enlace con contenidos il\u00edcitos o inadecuados, podr\u00e1 notificarlo, sin que ello suponga que se est\u00e9 obligado por ello a retirar el correspondiente enlace. El titular de esta Web no conoce los contenidos y servicios de los enlaces y por tanto no se hace responsable por los da\u00f1os derivados de su falta de calidad, desactualizaci\u00f3n, indisponibilidad, error, inutilidad o ilegalidad y no responde de las manifestaciones realizadas o de los contenidos o servicios proporcionados a trav\u00e9s de ellos. Si cualquier usuario tiene conocimiento de que los enlaces remiten a p\u00e1ginas cuyos contenidos o servicios son il\u00edcitos, nocivos, denigrantes, violentos o inmorales podr\u00e1 ponerse en contacto con el titular de esta Web indic\u00e1ndolo.<\/p>\n<p>El presente Aviso Legal se rige \u00edntegramente por la legislaci\u00f3n espa\u00f1ola. El Usuario se compromete a hacer un uso correcto de esta Web de conformidad con la Ley, con el presente Aviso Legal, as\u00ed como con las dem\u00e1s condiciones, reglamentos e instrucciones que, en su caso, pudieran ser de aplicaci\u00f3n. El Usuario responder\u00e1 frente al titular de esta Web y frente a terceros, de cualesquiera da\u00f1os o perjuicios que pudieran causarse por incumplimiento de estas obligaciones.<\/p>\n<p><\/p>\n<div style=\"height: 50px;\">\u00a0<\/div>\t\t\t\t\t\t\t\t<\/div>\n\t\t\t\t<\/div>\n\t\t\t\t\t<\/div>\n\t\t<\/div>\n\t\t\t\t\t<\/div>\n\t\t<\/section>\n\t\t\t\t<\/div>","protected":false},"excerpt":{"rendered":"<p>Aviso Legal Esta p\u00e1gina Web es titularidad de Marco Flecha Torres, con CIF x9529816l y con domicilio social en C\/ Galicia, 65 &#8211;\u00a0Sevilla, con direcci\u00f3n de correo electr\u00f3nico\u00a0cuenteropy@gmail.com, n\u00famero de tel\u00e9fono 679 946 857.\u00a0 La utilizaci\u00f3n de esta p\u00e1gina Web atribuye la condici\u00f3n de Usuario a quien lo haga e implica la aceptaci\u00f3n de todas [&hellip;]<\/p>","protected":false},"author":1,"featured_media":0,"parent":0,"menu_order":0,"comment_status":"closed","ping_status":"closed","template":"","meta":{"footnotes":""},"class_list":["post-743","page","type-page","status-publish","hentry"],"yoast_head":"<!-- This site is optimized with the Yoast SEO plugin v24.9 - https:\/\/yoast.com\/wordpress\/plugins\/seo\/ -->\n<title>Aviso Legal - Marco Flecha<\/title>\n<meta name=\"description\" content=\"Aviso Legal\" \/>\n<meta name=\"robots\" content=\"index, follow, max-snippet:-1, max-image-preview:large, max-video-preview:-1\" \/>\n<link rel=\"canonical\" href=\"https:\/\/marcoflecha.com\/en\/politica-de-privacidad\/\" \/>\n<meta property=\"og:locale\" content=\"en_GB\" \/>\n<meta property=\"og:type\" content=\"article\" \/>\n<meta property=\"og:title\" content=\"Aviso Legal - Marco Flecha\" \/>\n<meta property=\"og:description\" content=\"Aviso Legal\" \/>\n<meta property=\"og:url\" content=\"https:\/\/marcoflecha.com\/en\/politica-de-privacidad\/\" \/>\n<meta property=\"og:site_name\" content=\"Marco Flecha\" \/>\n<meta property=\"article:publisher\" content=\"https:\/\/www.facebook.com\/cuenteropy\/\" \/>\n<meta property=\"article:modified_time\" content=\"2024-03-26T16:10:04+00:00\" \/>\n<meta property=\"og:image\" content=\"https:\/\/marcoflecha.com\/wp-content\/uploads\/2024\/04\/Marco-Flecha.jpg\" \/>\n\t<meta property=\"og:image:width\" content=\"2560\" \/>\n\t<meta property=\"og:image:height\" content=\"2074\" \/>\n\t<meta property=\"og:image:type\" content=\"image\/jpeg\" \/>\n<meta name=\"twitter:card\" content=\"summary_large_image\" \/>\n<meta name=\"twitter:site\" content=\"@cuenteropy\" \/>\n<meta name=\"twitter:label1\" content=\"Estimated reading time\" \/>\n\t<meta name=\"twitter:data1\" content=\"5 minutes\" \/>\n<script type=\"application\/ld+json\" class=\"yoast-schema-graph\">{\"@context\":\"https:\/\/schema.org\",\"@graph\":[{\"@type\":\"WebPage\",\"@id\":\"https:\/\/marcoflecha.com\/politica-de-privacidad\/\",\"url\":\"https:\/\/marcoflecha.com\/politica-de-privacidad\/\",\"name\":\"Aviso Legal - Marco Flecha\",\"isPartOf\":{\"@id\":\"https:\/\/marcoflecha.com\/#website\"},\"datePublished\":\"2020-03-30T17:14:02+00:00\",\"dateModified\":\"2024-03-26T16:10:04+00:00\",\"description\":\"Aviso Legal\",\"breadcrumb\":{\"@id\":\"https:\/\/marcoflecha.com\/politica-de-privacidad\/#breadcrumb\"},\"inLanguage\":\"en-GB\",\"potentialAction\":[{\"@type\":\"ReadAction\",\"target\":[\"https:\/\/marcoflecha.com\/politica-de-privacidad\/\"]}]},{\"@type\":\"BreadcrumbList\",\"@id\":\"https:\/\/marcoflecha.com\/politica-de-privacidad\/#breadcrumb\",\"itemListElement\":[{\"@type\":\"ListItem\",\"position\":1,\"name\":\"Portada\",\"item\":\"https:\/\/marcoflecha.com\/\"},{\"@type\":\"ListItem\",\"position\":2,\"name\":\"Aviso Legal\"}]},{\"@type\":\"WebSite\",\"@id\":\"https:\/\/marcoflecha.com\/#website\",\"url\":\"https:\/\/marcoflecha.com\/\",\"name\":\"Marco Flecha\",\"description\":\"Narrador oral, actor y creador sonoro\",\"publisher\":{\"@id\":\"https:\/\/marcoflecha.com\/#\/schema\/person\/1411ade6b83fefb02f3532cd178a6532\"},\"alternateName\":\"Marco Flecha narrador oral\",\"potentialAction\":[{\"@type\":\"SearchAction\",\"target\":{\"@type\":\"EntryPoint\",\"urlTemplate\":\"https:\/\/marcoflecha.com\/?s={search_term_string}\"},\"query-input\":{\"@type\":\"PropertyValueSpecification\",\"valueRequired\":true,\"valueName\":\"search_term_string\"}}],\"inLanguage\":\"en-GB\"},{\"@type\":[\"Person\",\"Organization\"],\"@id\":\"https:\/\/marcoflecha.com\/#\/schema\/person\/1411ade6b83fefb02f3532cd178a6532\",\"name\":\"cuenteropy\",\"image\":{\"@type\":\"ImageObject\",\"inLanguage\":\"en-GB\",\"@id\":\"https:\/\/marcoflecha.com\/#\/schema\/person\/image\/\",\"url\":\"https:\/\/marcoflecha.com\/wp-content\/uploads\/2020\/09\/marcoFlecha-1.png\",\"contentUrl\":\"https:\/\/marcoflecha.com\/wp-content\/uploads\/2020\/09\/marcoFlecha-1.png\",\"width\":688,\"height\":267,\"caption\":\"cuenteropy\"},\"logo\":{\"@id\":\"https:\/\/marcoflecha.com\/#\/schema\/person\/image\/\"},\"sameAs\":[\"https:\/\/www.facebook.com\/cuenteropy\/\",\"https:\/\/www.instagram.com\/cuenteropy\/\",\"https:\/\/x.com\/cuenteropy\"]}]}<\/script>\n<!-- \/ Yoast SEO plugin. -->","yoast_head_json":{"title":"Aviso Legal - Marco Flecha","description":"Aviso Legal","robots":{"index":"index","follow":"follow","max-snippet":"max-snippet:-1","max-image-preview":"max-image-preview:large","max-video-preview":"max-video-preview:-1"},"canonical":"https:\/\/marcoflecha.com\/en\/politica-de-privacidad\/","og_locale":"en_GB","og_type":"article","og_title":"Aviso Legal - Marco Flecha","og_description":"Aviso Legal","og_url":"https:\/\/marcoflecha.com\/en\/politica-de-privacidad\/","og_site_name":"Marco Flecha","article_publisher":"https:\/\/www.facebook.com\/cuenteropy\/","article_modified_time":"2024-03-26T16:10:04+00:00","og_image":[{"width":2560,"height":2074,"url":"https:\/\/marcoflecha.com\/wp-content\/uploads\/2024\/04\/Marco-Flecha.jpg","type":"image\/jpeg"}],"twitter_card":"summary_large_image","twitter_site":"@cuenteropy","twitter_misc":{"Estimated reading time":"5 minutes"},"schema":{"@context":"https:\/\/schema.org","@graph":[{"@type":"WebPage","@id":"https:\/\/marcoflecha.com\/politica-de-privacidad\/","url":"https:\/\/marcoflecha.com\/politica-de-privacidad\/","name":"Aviso Legal - Marco Flecha","isPartOf":{"@id":"https:\/\/marcoflecha.com\/#website"},"datePublished":"2020-03-30T17:14:02+00:00","dateModified":"2024-03-26T16:10:04+00:00","description":"Aviso Legal","breadcrumb":{"@id":"https:\/\/marcoflecha.com\/politica-de-privacidad\/#breadcrumb"},"inLanguage":"en-GB","potentialAction":[{"@type":"ReadAction","target":["https:\/\/marcoflecha.com\/politica-de-privacidad\/"]}]},{"@type":"BreadcrumbList","@id":"https:\/\/marcoflecha.com\/politica-de-privacidad\/#breadcrumb","itemListElement":[{"@type":"ListItem","position":1,"name":"Portada","item":"https:\/\/marcoflecha.com\/"},{"@type":"ListItem","position":2,"name":"Aviso Legal"}]},{"@type":"WebSite","@id":"https:\/\/marcoflecha.com\/#website","url":"https:\/\/marcoflecha.com\/","name":"Marco Flecha","description":"Narrador oral, actor y creador sonoro","publisher":{"@id":"https:\/\/marcoflecha.com\/#\/schema\/person\/1411ade6b83fefb02f3532cd178a6532"},"alternateName":"Marco Flecha narrador oral","potentialAction":[{"@type":"SearchAction","target":{"@type":"EntryPoint","urlTemplate":"https:\/\/marcoflecha.com\/?s={search_term_string}"},"query-input":{"@type":"PropertyValueSpecification","valueRequired":true,"valueName":"search_term_string"}}],"inLanguage":"en-GB"},{"@type":["Person","Organization"],"@id":"https:\/\/marcoflecha.com\/#\/schema\/person\/1411ade6b83fefb02f3532cd178a6532","name":"cuenteropy","image":{"@type":"ImageObject","inLanguage":"en-GB","@id":"https:\/\/marcoflecha.com\/#\/schema\/person\/image\/","url":"https:\/\/marcoflecha.com\/wp-content\/uploads\/2020\/09\/marcoFlecha-1.png","contentUrl":"https:\/\/marcoflecha.com\/wp-content\/uploads\/2020\/09\/marcoFlecha-1.png","width":688,"height":267,"caption":"cuenteropy"},"logo":{"@id":"https:\/\/marcoflecha.com\/#\/schema\/person\/image\/"},"sameAs":["https:\/\/www.facebook.com\/cuenteropy\/","https:\/\/www.instagram.com\/cuenteropy\/","https:\/\/x.com\/cuenteropy"]}]}},"_links":{"self":[{"href":"https:\/\/marcoflecha.com\/en\/wp-json\/wp\/v2\/pages\/743","targetHints":{"allow":["GET"]}}],"collection":[{"href":"https:\/\/marcoflecha.com\/en\/wp-json\/wp\/v2\/pages"}],"about":[{"href":"https:\/\/marcoflecha.com\/en\/wp-json\/wp\/v2\/types\/page"}],"author":[{"embeddable":true,"href":"https:\/\/marcoflecha.com\/en\/wp-json\/wp\/v2\/users\/1"}],"replies":[{"embeddable":true,"href":"https:\/\/marcoflecha.com\/en\/wp-json\/wp\/v2\/comments?post=743"}],"version-history":[{"count":30,"href":"https:\/\/marcoflecha.com\/en\/wp-json\/wp\/v2\/pages\/743\/revisions"}],"predecessor-version":[{"id":1919,"href":"https:\/\/marcoflecha.com\/en\/wp-json\/wp\/v2\/pages\/743\/revisions\/1919"}],"wp:attachment":[{"href":"https:\/\/marcoflecha.com\/en\/wp-json\/wp\/v2\/media?parent=743"}],"curies":[{"name":"wp","href":"https:\/\/api.w.org\/{rel}","templated":true}]}}