{"id":30,"date":"2018-08-06T19:25:51","date_gmt":"2018-08-06T17:25:51","guid":{"rendered":"https:\/\/marcoflecha.com\/?page_id=30-old"},"modified":"2024-03-27T18:31:18","modified_gmt":"2024-03-27T17:31:18","slug":"contactemos","status":"publish","type":"page","link":"https:\/\/marcoflecha.com\/en\/contactemos\/","title":{"rendered":"Contact"},"content":{"rendered":"<div data-elementor-type=\"wp-page\" data-elementor-id=\"30\" class=\"elementor elementor-30\" data-elementor-post-type=\"page\">\n\t\t\t\t\t\t<section class=\"elementor-section elementor-top-section elementor-element elementor-element-66b9eb69 elementor-section-height-min-height elementor-section-items-stretch elementor-section-boxed elementor-section-height-default\" data-id=\"66b9eb69\" data-element_type=\"section\" id=\"uppage\" data-settings=\"{&quot;background_background&quot;:&quot;classic&quot;}\">\n\t\t\t\t\t\t\t<div class=\"elementor-background-overlay\"><\/div>\n\t\t\t\t\t\t\t<div class=\"elementor-container elementor-column-gap-default\">\n\t\t\t\t\t<div class=\"elementor-column elementor-col-50 elementor-top-column elementor-element elementor-element-5636d8ca\" data-id=\"5636d8ca\" data-element_type=\"column\">\n\t\t\t<div class=\"elementor-widget-wrap elementor-element-populated\">\n\t\t\t\t\t\t<div class=\"elementor-element elementor-element-1f446a36 elementor-widget elementor-widget-heading\" data-id=\"1f446a36\" data-element_type=\"widget\" data-widget_type=\"heading.default\">\n\t\t\t\t<div class=\"elementor-widget-container\">\n\t\t\t\t\t<h2 class=\"elementor-heading-title elementor-size-default\">Contact<\/h2>\t\t\t\t<\/div>\n\t\t\t\t<\/div>\n\t\t\t\t<div class=\"elementor-element elementor-element-1dccebc1 elementor-button-align-end elementor-widget elementor-widget-form\" data-id=\"1dccebc1\" data-element_type=\"widget\" data-settings=\"{&quot;step_next_label&quot;:&quot;Siguiente&quot;,&quot;step_previous_label&quot;:&quot;Anterior&quot;,&quot;button_width&quot;:&quot;100&quot;,&quot;step_type&quot;:&quot;number_text&quot;,&quot;step_icon_shape&quot;:&quot;circle&quot;}\" data-widget_type=\"form.default\">\n\t\t\t\t<div class=\"elementor-widget-container\">\n\t\t\t\t\t\t\t<form class=\"elementor-form\" method=\"post\" name=\"contacto\" action=\"\">\n\t\t\t<input type=\"hidden\" name=\"post_id\" value=\"30\"\/>\n\t\t\t<input type=\"hidden\" name=\"form_id\" value=\"1dccebc1\"\/>\n\t\t\t<input type=\"hidden\" name=\"referer_title\" value=\"Marco Flecha\" \/>\n\n\t\t\t\n\t\t\t<div class=\"elementor-form-fields-wrapper elementor-labels-above\">\n\t\t\t\t\t\t\t\t<div class=\"elementor-field-type-text elementor-field-group elementor-column elementor-field-group-name elementor-col-100\">\n\t\t\t\t\t\t\t\t\t\t\t\t<label for=\"form-field-name\" class=\"elementor-field-label\">\n\t\t\t\t\t\t\t\tNombre\t\t\t\t\t\t\t<\/label>\n\t\t\t\t\t\t\t\t\t\t\t\t\t\t<input size=\"1\" type=\"text\" name=\"form_fields[name]\" id=\"form-field-name\" class=\"elementor-field elementor-size-sm  elementor-field-textual\" placeholder=\"\u00bfC\u00f3mo te llamas?\">\n\t\t\t\t\t\t\t\t\t\t\t<\/div>\n\t\t\t\t\t\t\t\t<div class=\"elementor-field-type-email elementor-field-group elementor-column elementor-field-group-field_1 elementor-col-100\">\n\t\t\t\t\t\t\t\t\t\t\t\t<label for=\"form-field-field_1\" class=\"elementor-field-label\">\n\t\t\t\t\t\t\t\tEmail\t\t\t\t\t\t\t<\/label>\n\t\t\t\t\t\t\t\t\t\t\t\t\t\t<input size=\"1\" type=\"email\" name=\"form_fields[field_1]\" id=\"form-field-field_1\" class=\"elementor-field elementor-size-sm  elementor-field-textual\" placeholder=\"\u00bfCu\u00e1l es tu email?\">\n\t\t\t\t\t\t\t\t\t\t\t<\/div>\n\t\t\t\t\t\t\t\t<div class=\"elementor-field-type-textarea elementor-field-group elementor-column elementor-field-group-field_2 elementor-col-100\">\n\t\t\t\t\t\t\t\t\t\t\t\t<label for=\"form-field-field_2\" class=\"elementor-field-label\">\n\t\t\t\t\t\t\t\tMensaje\t\t\t\t\t\t\t<\/label>\n\t\t\t\t\t\t<textarea class=\"elementor-field-textual elementor-field  elementor-size-sm\" name=\"form_fields[field_2]\" id=\"form-field-field_2\" rows=\"4\" placeholder=\"Cu\u00e9ntame qu\u00e9 te interesa\"><\/textarea>\t\t\t\t<\/div>\n\t\t\t\t\t\t\t\t<div class=\"elementor-field-group elementor-column elementor-field-type-submit elementor-col-100 e-form__buttons\">\n\t\t\t\t\t<button class=\"elementor-button elementor-size-sm\" type=\"submit\">\n\t\t\t\t\t\t<span class=\"elementor-button-content-wrapper\">\n\t\t\t\t\t\t\t\t\t\t\t\t\t\t\t\t\t\t\t\t\t\t<span class=\"elementor-button-text\">ENVIAR<\/span>\n\t\t\t\t\t\t\t\t\t\t\t\t\t<\/span>\n\t\t\t\t\t<\/button>\n\t\t\t\t<\/div>\n\t\t\t<\/div>\n\t\t<input type=\"hidden\" name=\"trp-form-language\" value=\"en\"\/><\/form>\n\t\t\t\t\t\t<\/div>\n\t\t\t\t<\/div>\n\t\t\t\t\t<\/div>\n\t\t<\/div>\n\t\t\t\t<div class=\"elementor-column elementor-col-50 elementor-top-column elementor-element elementor-element-40cf56d3\" data-id=\"40cf56d3\" data-element_type=\"column\">\n\t\t\t<div class=\"elementor-widget-wrap elementor-element-populated\">\n\t\t\t\t\t\t<div class=\"elementor-element elementor-element-d206aef elementor-widget elementor-widget-heading\" data-id=\"d206aef\" data-element_type=\"widget\" data-widget_type=\"heading.default\">\n\t\t\t\t<div class=\"elementor-widget-container\">\n\t\t\t\t\t<h2 class=\"elementor-heading-title elementor-size-default\">Localizaci\u00f3n<\/h2>\t\t\t\t<\/div>\n\t\t\t\t<\/div>\n\t\t\t\t<div class=\"elementor-element elementor-element-5e5ae9cb elementor-widget elementor-widget-heading\" data-id=\"5e5ae9cb\" data-element_type=\"widget\" data-widget_type=\"heading.default\">\n\t\t\t\t<div class=\"elementor-widget-container\">\n\t\t\t\t\t<h2 class=\"elementor-heading-title elementor-size-default\">Sevilla, Espa\u00f1a<\/h2>\t\t\t\t<\/div>\n\t\t\t\t<\/div>\n\t\t\t\t<div class=\"elementor-element elementor-element-18fd37a2 elementor-widget elementor-widget-heading\" data-id=\"18fd37a2\" data-element_type=\"widget\" data-widget_type=\"heading.default\">\n\t\t\t\t<div class=\"elementor-widget-container\">\n\t\t\t\t\t<h2 class=\"elementor-heading-title elementor-size-default\">Escr\u00edbeme<\/h2>\t\t\t\t<\/div>\n\t\t\t\t<\/div>\n\t\t\t\t<div class=\"elementor-element elementor-element-3bebea33 elementor-widget elementor-widget-heading\" data-id=\"3bebea33\" data-element_type=\"widget\" data-widget_type=\"heading.default\">\n\t\t\t\t<div class=\"elementor-widget-container\">\n\t\t\t\t\t<h2 class=\"elementor-heading-title elementor-size-default\"><a href=\"mailto:cuenteropy@gmail.com\">cuenteropy@gmail.com\n<br> (+34) 679946857<\/a><\/h2>\t\t\t\t<\/div>\n\t\t\t\t<\/div>\n\t\t\t\t<div class=\"elementor-element elementor-element-58cfe4d elementor-widget elementor-widget-heading\" data-id=\"58cfe4d\" data-element_type=\"widget\" data-widget_type=\"heading.default\">\n\t\t\t\t<div class=\"elementor-widget-container\">\n\t\t\t\t\t<h2 class=\"elementor-heading-title elementor-size-default\">S\u00edgueme en redes<\/h2>\t\t\t\t<\/div>\n\t\t\t\t<\/div>\n\t\t\t\t<div class=\"elementor-element elementor-element-fe9d926 e-grid-align-left e-grid-align-mobile-left elementor-shape-rounded elementor-grid-0 elementor-widget elementor-widget-social-icons\" data-id=\"fe9d926\" data-element_type=\"widget\" data-widget_type=\"social-icons.default\">\n\t\t\t\t<div class=\"elementor-widget-container\">\n\t\t\t\t\t\t\t<div class=\"elementor-social-icons-wrapper elementor-grid\">\n\t\t\t\t\t\t\t<span class=\"elementor-grid-item\">\n\t\t\t\t\t<a class=\"elementor-icon elementor-social-icon elementor-social-icon-facebook-f elementor-repeater-item-0267196\" href=\"https:\/\/www.facebook.com\/cuenteropy\/\" target=\"_blank\">\n\t\t\t\t\t\t<span class=\"elementor-screen-only\">Facebook-f<\/span>\n\t\t\t\t\t\t<i class=\"fab fa-facebook-f\"><\/i>\t\t\t\t\t<\/a>\n\t\t\t\t<\/span>\n\t\t\t\t\t\t\t<span class=\"elementor-grid-item\">\n\t\t\t\t\t<a class=\"elementor-icon elementor-social-icon elementor-social-icon-x-twitter elementor-repeater-item-dc10550\" href=\"https:\/\/twitter.com\/cuenteropy\" target=\"_blank\">\n\t\t\t\t\t\t<span class=\"elementor-screen-only\">X-twitter<\/span>\n\t\t\t\t\t\t<i class=\"fab fa-x-twitter\"><\/i>\t\t\t\t\t<\/a>\n\t\t\t\t<\/span>\n\t\t\t\t\t\t\t<span class=\"elementor-grid-item\">\n\t\t\t\t\t<a class=\"elementor-icon elementor-social-icon elementor-social-icon-instagram elementor-repeater-item-dbaeb71\" href=\"https:\/\/www.instagram.com\/cuenteropy\/\" target=\"_blank\">\n\t\t\t\t\t\t<span class=\"elementor-screen-only\">Instagram<\/span>\n\t\t\t\t\t\t<i class=\"fab fa-instagram\"><\/i>\t\t\t\t\t<\/a>\n\t\t\t\t<\/span>\n\t\t\t\t\t<\/div>\n\t\t\t\t\t\t<\/div>\n\t\t\t\t<\/div>\n\t\t\t\t<div class=\"elementor-element elementor-element-20146fc elementor-widget elementor-widget-spacer\" data-id=\"20146fc\" data-element_type=\"widget\" data-widget_type=\"spacer.default\">\n\t\t\t\t<div class=\"elementor-widget-container\">\n\t\t\t\t\t\t\t<div class=\"elementor-spacer\">\n\t\t\t<div class=\"elementor-spacer-inner\"><\/div>\n\t\t<\/div>\n\t\t\t\t\t\t<\/div>\n\t\t\t\t<\/div>\n\t\t\t\t\t<\/div>\n\t\t<\/div>\n\t\t\t\t\t<\/div>\n\t\t<\/section>\n\t\t\t\t<\/div>","protected":false},"excerpt":{"rendered":"<p>Contacto Localizaci\u00f3n Sevilla, Espa\u00f1a Escr\u00edbeme cuenteropy@gmail.com (+34) 679946857 S\u00edgueme en redes Facebook-f X-twitter Instagram<\/p>","protected":false},"author":1,"featured_media":672,"parent":0,"menu_order":0,"comment_status":"closed","ping_status":"closed","template":"","meta":{"footnotes":""},"class_list":["post-30","page","type-page","status-publish","has-post-thumbnail","hentry"],"yoast_head":"<!-- This site is optimized with the Yoast SEO plugin v24.9 - https:\/\/yoast.com\/wordpress\/plugins\/seo\/ -->\n<title>Contacto - Marco Flecha<\/title>\n<meta name=\"description\" content=\"Contacto\" \/>\n<meta name=\"robots\" content=\"index, follow, max-snippet:-1, max-image-preview:large, max-video-preview:-1\" \/>\n<link rel=\"canonical\" href=\"https:\/\/marcoflecha.com\/en\/contactemos\/\" \/>\n<meta property=\"og:locale\" content=\"en_GB\" \/>\n<meta property=\"og:type\" content=\"article\" \/>\n<meta property=\"og:title\" content=\"Contacto - Marco Flecha\" \/>\n<meta property=\"og:description\" content=\"Contacto\" \/>\n<meta property=\"og:url\" content=\"https:\/\/marcoflecha.com\/en\/contactemos\/\" \/>\n<meta property=\"og:site_name\" content=\"Marco Flecha\" \/>\n<meta property=\"article:publisher\" content=\"https:\/\/www.facebook.com\/cuenteropy\/\" \/>\n<meta property=\"article:modified_time\" content=\"2024-03-27T17:31:18+00:00\" \/>\n<meta property=\"og:image\" content=\"https:\/\/marcoflecha.com\/wp-content\/uploads\/2019\/08\/IMG_20190216_124917-copia-1.jpg\" \/>\n\t<meta property=\"og:image:width\" content=\"1042\" \/>\n\t<meta property=\"og:image:height\" content=\"547\" \/>\n\t<meta property=\"og:image:type\" content=\"image\/jpeg\" \/>\n<meta name=\"twitter:card\" content=\"summary_large_image\" \/>\n<meta name=\"twitter:site\" content=\"@cuenteropy\" \/>\n<script type=\"application\/ld+json\" class=\"yoast-schema-graph\">{\"@context\":\"https:\/\/schema.org\",\"@graph\":[{\"@type\":\"WebPage\",\"@id\":\"https:\/\/marcoflecha.com\/contactemos\/\",\"url\":\"https:\/\/marcoflecha.com\/contactemos\/\",\"name\":\"Contacto - Marco Flecha\",\"isPartOf\":{\"@id\":\"https:\/\/marcoflecha.com\/#website\"},\"primaryImageOfPage\":{\"@id\":\"https:\/\/marcoflecha.com\/contactemos\/#primaryimage\"},\"image\":{\"@id\":\"https:\/\/marcoflecha.com\/contactemos\/#primaryimage\"},\"thumbnailUrl\":\"https:\/\/marcoflecha.com\/wp-content\/uploads\/2019\/08\/IMG_20190216_124917-copia-1.jpg\",\"datePublished\":\"2018-08-06T17:25:51+00:00\",\"dateModified\":\"2024-03-27T17:31:18+00:00\",\"description\":\"Contacto\",\"breadcrumb\":{\"@id\":\"https:\/\/marcoflecha.com\/contactemos\/#breadcrumb\"},\"inLanguage\":\"en-GB\",\"potentialAction\":[{\"@type\":\"ReadAction\",\"target\":[\"https:\/\/marcoflecha.com\/contactemos\/\"]}]},{\"@type\":\"ImageObject\",\"inLanguage\":\"en-GB\",\"@id\":\"https:\/\/marcoflecha.com\/contactemos\/#primaryimage\",\"url\":\"https:\/\/marcoflecha.com\/wp-content\/uploads\/2019\/08\/IMG_20190216_124917-copia-1.jpg\",\"contentUrl\":\"https:\/\/marcoflecha.com\/wp-content\/uploads\/2019\/08\/IMG_20190216_124917-copia-1.jpg\",\"width\":1042,\"height\":547,\"caption\":\"rptoz\"},{\"@type\":\"BreadcrumbList\",\"@id\":\"https:\/\/marcoflecha.com\/contactemos\/#breadcrumb\",\"itemListElement\":[{\"@type\":\"ListItem\",\"position\":1,\"name\":\"Portada\",\"item\":\"https:\/\/marcoflecha.com\/\"},{\"@type\":\"ListItem\",\"position\":2,\"name\":\"Contacto\"}]},{\"@type\":\"WebSite\",\"@id\":\"https:\/\/marcoflecha.com\/#website\",\"url\":\"https:\/\/marcoflecha.com\/\",\"name\":\"Marco Flecha\",\"description\":\"Narrador oral, actor y creador sonoro\",\"publisher\":{\"@id\":\"https:\/\/marcoflecha.com\/#\/schema\/person\/1411ade6b83fefb02f3532cd178a6532\"},\"alternateName\":\"Marco Flecha narrador oral\",\"potentialAction\":[{\"@type\":\"SearchAction\",\"target\":{\"@type\":\"EntryPoint\",\"urlTemplate\":\"https:\/\/marcoflecha.com\/?s={search_term_string}\"},\"query-input\":{\"@type\":\"PropertyValueSpecification\",\"valueRequired\":true,\"valueName\":\"search_term_string\"}}],\"inLanguage\":\"en-GB\"},{\"@type\":[\"Person\",\"Organization\"],\"@id\":\"https:\/\/marcoflecha.com\/#\/schema\/person\/1411ade6b83fefb02f3532cd178a6532\",\"name\":\"cuenteropy\",\"image\":{\"@type\":\"ImageObject\",\"inLanguage\":\"en-GB\",\"@id\":\"https:\/\/marcoflecha.com\/#\/schema\/person\/image\/\",\"url\":\"https:\/\/marcoflecha.com\/wp-content\/uploads\/2020\/09\/marcoFlecha-1.png\",\"contentUrl\":\"https:\/\/marcoflecha.com\/wp-content\/uploads\/2020\/09\/marcoFlecha-1.png\",\"width\":688,\"height\":267,\"caption\":\"cuenteropy\"},\"logo\":{\"@id\":\"https:\/\/marcoflecha.com\/#\/schema\/person\/image\/\"},\"sameAs\":[\"https:\/\/www.facebook.com\/cuenteropy\/\",\"https:\/\/www.instagram.com\/cuenteropy\/\",\"https:\/\/x.com\/cuenteropy\"]}]}<\/script>\n<!-- \/ Yoast SEO plugin. -->","yoast_head_json":{"title":"Contacto - Marco Flecha","description":"Contacto","robots":{"index":"index","follow":"follow","max-snippet":"max-snippet:-1","max-image-preview":"max-image-preview:large","max-video-preview":"max-video-preview:-1"},"canonical":"https:\/\/marcoflecha.com\/en\/contactemos\/","og_locale":"en_GB","og_type":"article","og_title":"Contacto - Marco Flecha","og_description":"Contacto","og_url":"https:\/\/marcoflecha.com\/en\/contactemos\/","og_site_name":"Marco Flecha","article_publisher":"https:\/\/www.facebook.com\/cuenteropy\/","article_modified_time":"2024-03-27T17:31:18+00:00","og_image":[{"width":1042,"height":547,"url":"https:\/\/marcoflecha.com\/wp-content\/uploads\/2019\/08\/IMG_20190216_124917-copia-1.jpg","type":"image\/jpeg"}],"twitter_card":"summary_large_image","twitter_site":"@cuenteropy","schema":{"@context":"https:\/\/schema.org","@graph":[{"@type":"WebPage","@id":"https:\/\/marcoflecha.com\/contactemos\/","url":"https:\/\/marcoflecha.com\/contactemos\/","name":"Contacto - Marco Flecha","isPartOf":{"@id":"https:\/\/marcoflecha.com\/#website"},"primaryImageOfPage":{"@id":"https:\/\/marcoflecha.com\/contactemos\/#primaryimage"},"image":{"@id":"https:\/\/marcoflecha.com\/contactemos\/#primaryimage"},"thumbnailUrl":"https:\/\/marcoflecha.com\/wp-content\/uploads\/2019\/08\/IMG_20190216_124917-copia-1.jpg","datePublished":"2018-08-06T17:25:51+00:00","dateModified":"2024-03-27T17:31:18+00:00","description":"Contacto","breadcrumb":{"@id":"https:\/\/marcoflecha.com\/contactemos\/#breadcrumb"},"inLanguage":"en-GB","potentialAction":[{"@type":"ReadAction","target":["https:\/\/marcoflecha.com\/contactemos\/"]}]},{"@type":"ImageObject","inLanguage":"en-GB","@id":"https:\/\/marcoflecha.com\/contactemos\/#primaryimage","url":"https:\/\/marcoflecha.com\/wp-content\/uploads\/2019\/08\/IMG_20190216_124917-copia-1.jpg","contentUrl":"https:\/\/marcoflecha.com\/wp-content\/uploads\/2019\/08\/IMG_20190216_124917-copia-1.jpg","width":1042,"height":547,"caption":"rptoz"},{"@type":"BreadcrumbList","@id":"https:\/\/marcoflecha.com\/contactemos\/#breadcrumb","itemListElement":[{"@type":"ListItem","position":1,"name":"Portada","item":"https:\/\/marcoflecha.com\/"},{"@type":"ListItem","position":2,"name":"Contacto"}]},{"@type":"WebSite","@id":"https:\/\/marcoflecha.com\/#website","url":"https:\/\/marcoflecha.com\/","name":"Marco Flecha","description":"Narrador oral, actor y creador sonoro","publisher":{"@id":"https:\/\/marcoflecha.com\/#\/schema\/person\/1411ade6b83fefb02f3532cd178a6532"},"alternateName":"Marco Flecha narrador oral","potentialAction":[{"@type":"SearchAction","target":{"@type":"EntryPoint","urlTemplate":"https:\/\/marcoflecha.com\/?s={search_term_string}"},"query-input":{"@type":"PropertyValueSpecification","valueRequired":true,"valueName":"search_term_string"}}],"inLanguage":"en-GB"},{"@type":["Person","Organization"],"@id":"https:\/\/marcoflecha.com\/#\/schema\/person\/1411ade6b83fefb02f3532cd178a6532","name":"cuenteropy","image":{"@type":"ImageObject","inLanguage":"en-GB","@id":"https:\/\/marcoflecha.com\/#\/schema\/person\/image\/","url":"https:\/\/marcoflecha.com\/wp-content\/uploads\/2020\/09\/marcoFlecha-1.png","contentUrl":"https:\/\/marcoflecha.com\/wp-content\/uploads\/2020\/09\/marcoFlecha-1.png","width":688,"height":267,"caption":"cuenteropy"},"logo":{"@id":"https:\/\/marcoflecha.com\/#\/schema\/person\/image\/"},"sameAs":["https:\/\/www.facebook.com\/cuenteropy\/","https:\/\/www.instagram.com\/cuenteropy\/","https:\/\/x.com\/cuenteropy"]}]}},"_links":{"self":[{"href":"https:\/\/marcoflecha.com\/en\/wp-json\/wp\/v2\/pages\/30","targetHints":{"allow":["GET"]}}],"collection":[{"href":"https:\/\/marcoflecha.com\/en\/wp-json\/wp\/v2\/pages"}],"about":[{"href":"https:\/\/marcoflecha.com\/en\/wp-json\/wp\/v2\/types\/page"}],"author":[{"embeddable":true,"href":"https:\/\/marcoflecha.com\/en\/wp-json\/wp\/v2\/users\/1"}],"replies":[{"embeddable":true,"href":"https:\/\/marcoflecha.com\/en\/wp-json\/wp\/v2\/comments?post=30"}],"version-history":[{"count":103,"href":"https:\/\/marcoflecha.com\/en\/wp-json\/wp\/v2\/pages\/30\/revisions"}],"predecessor-version":[{"id":2992,"href":"https:\/\/marcoflecha.com\/en\/wp-json\/wp\/v2\/pages\/30\/revisions\/2992"}],"wp:featuredmedia":[{"embeddable":true,"href":"https:\/\/marcoflecha.com\/en\/wp-json\/wp\/v2\/media\/672"}],"wp:attachment":[{"href":"https:\/\/marcoflecha.com\/en\/wp-json\/wp\/v2\/media?parent=30"}],"curies":[{"name":"wp","href":"https:\/\/api.w.org\/{rel}","templated":true}]}}