{"id":29,"date":"2018-08-06T19:25:51","date_gmt":"2018-08-06T17:25:51","guid":{"rendered":"https:\/\/marcoflecha.com\/?page_id=29-old"},"modified":"2024-04-01T19:01:05","modified_gmt":"2024-04-01T17:01:05","slug":"espectaculos","status":"publish","type":"page","link":"https:\/\/marcoflecha.com\/en\/espectaculos\/","title":{"rendered":"Shows"},"content":{"rendered":"<div data-elementor-type=\"wp-page\" data-elementor-id=\"29\" class=\"elementor elementor-29\" data-elementor-post-type=\"page\">\n\t\t\t\t\t\t<section class=\"elementor-section elementor-top-section elementor-element elementor-element-26bf2fb elementor-section-full_width elementor-reverse-tablet elementor-reverse-mobile elementor-section-height-default elementor-section-height-default\" data-id=\"26bf2fb\" data-element_type=\"section\" data-settings=\"{&quot;motion_fx_motion_fx_scrolling&quot;:&quot;yes&quot;,&quot;motion_fx_devices&quot;:[&quot;desktop&quot;,&quot;tablet&quot;,&quot;mobile&quot;]}\">\n\t\t\t\t\t\t<div class=\"elementor-container elementor-column-gap-no\">\n\t\t\t\t\t<div class=\"elementor-column elementor-col-50 elementor-top-column elementor-element elementor-element-82dc711\" data-id=\"82dc711\" data-element_type=\"column\">\n\t\t\t<div class=\"elementor-widget-wrap elementor-element-populated\">\n\t\t\t\t\t\t<section class=\"elementor-section elementor-inner-section elementor-element elementor-element-f4d88aa elementor-section-full_width elementor-section-height-default elementor-section-height-default\" data-id=\"f4d88aa\" data-element_type=\"section\">\n\t\t\t\t\t\t<div class=\"elementor-container elementor-column-gap-no\">\n\t\t\t\t\t<div class=\"elementor-column elementor-col-100 elementor-inner-column elementor-element elementor-element-5655804\" data-id=\"5655804\" data-element_type=\"column\">\n\t\t\t<div class=\"elementor-widget-wrap elementor-element-populated\">\n\t\t\t\t\t\t<div class=\"elementor-element elementor-element-4ab141d elementor-invisible elementor-widget elementor-widget-heading\" data-id=\"4ab141d\" data-element_type=\"widget\" data-settings=\"{&quot;_animation&quot;:&quot;zoomIn&quot;}\" data-widget_type=\"heading.default\">\n\t\t\t\t<div class=\"elementor-widget-container\">\n\t\t\t\t\t<h2 class=\"elementor-heading-title elementor-size-default\">Shows<\/h2>\t\t\t\t<\/div>\n\t\t\t\t<\/div>\n\t\t\t\t<div class=\"elementor-element elementor-element-2f2b064 elementor-grid-2 elementor-grid-tablet-2 elementor-grid-mobile-1 elementor-invisible elementor-widget elementor-widget-portfolio\" data-id=\"2f2b064\" data-element_type=\"widget\" data-settings=\"{&quot;columns&quot;:&quot;2&quot;,&quot;item_ratio&quot;:{&quot;unit&quot;:&quot;px&quot;,&quot;size&quot;:0.95,&quot;sizes&quot;:[]},&quot;row_gap&quot;:{&quot;unit&quot;:&quot;px&quot;,&quot;size&quot;:19,&quot;sizes&quot;:[]},&quot;_animation&quot;:&quot;zoomIn&quot;,&quot;columns_tablet&quot;:&quot;2&quot;,&quot;columns_mobile&quot;:&quot;1&quot;,&quot;item_gap&quot;:{&quot;unit&quot;:&quot;px&quot;,&quot;size&quot;:&quot;&quot;,&quot;sizes&quot;:[]}}\" data-widget_type=\"portfolio.default\">\n\t\t\t\t<div class=\"elementor-widget-container\">\n\t\t\t\t\t\t\t<div class=\"elementor-portfolio elementor-grid elementor-posts-container\">\n\t\t\t\t<article class=\"elementor-portfolio-item elementor-post  post-120 page type-page status-publish has-post-thumbnail hentry\">\n\t\t\t<a class=\"elementor-post__thumbnail__link\" href=\"https:\/\/marcoflecha.com\/en\/espectaculos\/publico-infantil\/\">\n\t\t\t\t<div class=\"elementor-portfolio-item__img elementor-post__thumbnail\">\n\t\t\t<img fetchpriority=\"high\" decoding=\"async\" width=\"2815\" height=\"1877\" src=\"https:\/\/marcoflecha.com\/wp-content\/uploads\/2019\/08\/DSC_8042_ihg.jpg\" class=\"attachment-full size-full wp-image-585\" alt=\"\" srcset=\"https:\/\/marcoflecha.com\/wp-content\/uploads\/2019\/08\/DSC_8042_ihg.jpg 2815w, https:\/\/marcoflecha.com\/wp-content\/uploads\/2019\/08\/DSC_8042_ihg-300x200.jpg 300w, https:\/\/marcoflecha.com\/wp-content\/uploads\/2019\/08\/DSC_8042_ihg-768x512.jpg 768w, https:\/\/marcoflecha.com\/wp-content\/uploads\/2019\/08\/DSC_8042_ihg-1024x683.jpg 1024w, https:\/\/marcoflecha.com\/wp-content\/uploads\/2019\/08\/DSC_8042_ihg-360x240.jpg 360w\" sizes=\"(max-width: 2815px) 100vw, 2815px\" \/>\t\t<\/div>\n\t\t\t\t<div class=\"elementor-portfolio-item__overlay\">\n\t\t\t\t<h3 class=\"elementor-portfolio-item__title\">\n\t\tP\u00fablico infantil y familiar\t\t<\/h3>\n\t\t\t\t<\/div>\n\t\t\t\t<\/a>\n\t\t<\/article>\n\t\t\t\t<article class=\"elementor-portfolio-item elementor-post  post-122 page type-page status-publish has-post-thumbnail hentry\">\n\t\t\t<a class=\"elementor-post__thumbnail__link\" href=\"https:\/\/marcoflecha.com\/en\/espectaculos\/publico-adulto\/\">\n\t\t\t\t<div class=\"elementor-portfolio-item__img elementor-post__thumbnail\">\n\t\t\t<img decoding=\"async\" width=\"1673\" height=\"1271\" src=\"https:\/\/marcoflecha.com\/wp-content\/uploads\/2023\/09\/Marco-actua.jpg\" class=\"attachment-full size-full wp-image-1540\" alt=\"\" srcset=\"https:\/\/marcoflecha.com\/wp-content\/uploads\/2023\/09\/Marco-actua.jpg 1673w, https:\/\/marcoflecha.com\/wp-content\/uploads\/2023\/09\/Marco-actua-768x583.jpg 768w, https:\/\/marcoflecha.com\/wp-content\/uploads\/2023\/09\/Marco-actua-1536x1167.jpg 1536w\" sizes=\"(max-width: 1673px) 100vw, 1673px\" \/>\t\t<\/div>\n\t\t\t\t<div class=\"elementor-portfolio-item__overlay\">\n\t\t\t\t<h3 class=\"elementor-portfolio-item__title\">\n\t\tP\u00fablico adulto\t\t<\/h3>\n\t\t\t\t<\/div>\n\t\t\t\t<\/a>\n\t\t<\/article>\n\t\t\t\t<\/div>\n\t\t\t\t\t\t<\/div>\n\t\t\t\t<\/div>\n\t\t\t\t<div class=\"elementor-element elementor-element-ae13816 elementor-invisible elementor-widget elementor-widget-image\" data-id=\"ae13816\" data-element_type=\"widget\" data-settings=\"{&quot;_animation&quot;:&quot;zoomIn&quot;}\" data-widget_type=\"image.default\">\n\t\t\t\t<div class=\"elementor-widget-container\">\n\t\t\t\t\t\t\t\t\t\t\t\t\t\t\t<img decoding=\"async\" src=\"https:\/\/marcoflecha.com\/wp-content\/uploads\/2020\/09\/Recurso-1.svg\" class=\"attachment-full size-full wp-image-1151\" alt=\"\" \/>\t\t\t\t\t\t\t\t\t\t\t\t\t\t\t<\/div>\n\t\t\t\t<\/div>\n\t\t\t\t\t<\/div>\n\t\t<\/div>\n\t\t\t\t\t<\/div>\n\t\t<\/section>\n\t\t\t\t<div class=\"elementor-element elementor-element-078965c elementor-widget__width-initial elementor-invisible elementor-widget elementor-widget-spacer\" data-id=\"078965c\" data-element_type=\"widget\" data-settings=\"{&quot;_animation&quot;:&quot;fadeInLeft&quot;,&quot;_animation_tablet&quot;:&quot;fadeInLeft&quot;,&quot;_animation_mobile&quot;:&quot;fadeInLeft&quot;}\" data-widget_type=\"spacer.default\">\n\t\t\t\t<div class=\"elementor-widget-container\">\n\t\t\t\t\t\t\t<div class=\"elementor-spacer\">\n\t\t\t<div class=\"elementor-spacer-inner\"><\/div>\n\t\t<\/div>\n\t\t\t\t\t\t<\/div>\n\t\t\t\t<\/div>\n\t\t\t\t\t<\/div>\n\t\t<\/div>\n\t\t\t\t<div class=\"elementor-column elementor-col-50 elementor-top-column elementor-element elementor-element-ec645e8\" data-id=\"ec645e8\" data-element_type=\"column\">\n\t\t\t<div class=\"elementor-widget-wrap elementor-element-populated\">\n\t\t\t\t\t\t<div class=\"elementor-element elementor-element-b72d1cb elementor-widget-mobile__width-initial elementor-invisible elementor-widget elementor-widget-spacer\" data-id=\"b72d1cb\" data-element_type=\"widget\" data-settings=\"{&quot;_animation&quot;:&quot;fadeInRight&quot;,&quot;_animation_tablet&quot;:&quot;fadeInRight&quot;,&quot;_animation_mobile&quot;:&quot;fadeInRight&quot;}\" data-widget_type=\"spacer.default\">\n\t\t\t\t<div class=\"elementor-widget-container\">\n\t\t\t\t\t\t\t<div class=\"elementor-spacer\">\n\t\t\t<div class=\"elementor-spacer-inner\"><\/div>\n\t\t<\/div>\n\t\t\t\t\t\t<\/div>\n\t\t\t\t<\/div>\n\t\t\t\t\t<\/div>\n\t\t<\/div>\n\t\t\t\t\t<\/div>\n\t\t<\/section>\n\t\t\t\t<section class=\"elementor-section elementor-top-section elementor-element elementor-element-7fb3a6b2 elementor-section-content-middle elementor-section-boxed elementor-section-height-default elementor-section-height-default elementor-invisible\" data-id=\"7fb3a6b2\" data-element_type=\"section\" data-settings=\"{&quot;background_background&quot;:&quot;classic&quot;,&quot;animation&quot;:&quot;fadeIn&quot;}\">\n\t\t\t\t\t\t\t<div class=\"elementor-background-overlay\"><\/div>\n\t\t\t\t\t\t\t<div class=\"elementor-container elementor-column-gap-no\">\n\t\t\t\t\t<div class=\"elementor-column elementor-col-100 elementor-top-column elementor-element elementor-element-286edd58\" data-id=\"286edd58\" data-element_type=\"column\">\n\t\t\t<div class=\"elementor-widget-wrap elementor-element-populated\">\n\t\t\t\t\t\t<div class=\"elementor-element elementor-element-1bd2e21 elementor-invisible elementor-widget elementor-widget-heading\" data-id=\"1bd2e21\" data-element_type=\"widget\" data-settings=\"{&quot;_animation&quot;:&quot;zoomIn&quot;}\" data-widget_type=\"heading.default\">\n\t\t\t\t<div class=\"elementor-widget-container\">\n\t\t\t\t\t<h4 class=\"elementor-heading-title elementor-size-default\">\u00bfQuieres organizar un espect\u00e1culo?<\/h4>\t\t\t\t<\/div>\n\t\t\t\t<\/div>\n\t\t\t\t<div class=\"elementor-element elementor-element-692e0b99 elementor-invisible elementor-widget elementor-widget-heading\" data-id=\"692e0b99\" data-element_type=\"widget\" data-settings=\"{&quot;_animation&quot;:&quot;zoomIn&quot;}\" data-widget_type=\"heading.default\">\n\t\t\t\t<div class=\"elementor-widget-container\">\n\t\t\t\t\t<h5 class=\"elementor-heading-title elementor-size-default\">Send me a message and I will respond as soon as possible<\/h5>\t\t\t\t<\/div>\n\t\t\t\t<\/div>\n\t\t\t\t<div class=\"elementor-element elementor-element-6e6cd92 elementor-align-center elementor-invisible elementor-widget elementor-widget-button\" data-id=\"6e6cd92\" data-element_type=\"widget\" data-settings=\"{&quot;_animation&quot;:&quot;zoomIn&quot;}\" data-widget_type=\"button.default\">\n\t\t\t\t<div class=\"elementor-widget-container\">\n\t\t\t\t\t\t\t\t\t<div class=\"elementor-button-wrapper\">\n\t\t\t\t\t<a class=\"elementor-button elementor-button-link elementor-size-sm\" href=\"https:\/\/marcoflecha.com\/en\/contactemos\/\">\n\t\t\t\t\t\t<span class=\"elementor-button-content-wrapper\">\n\t\t\t\t\t\t\t\t\t<span class=\"elementor-button-text\">CONTACT ME<\/span>\n\t\t\t\t\t<\/span>\n\t\t\t\t\t<\/a>\n\t\t\t\t<\/div>\n\t\t\t\t\t\t\t\t<\/div>\n\t\t\t\t<\/div>\n\t\t\t\t\t<\/div>\n\t\t<\/div>\n\t\t\t\t\t<\/div>\n\t\t<\/section>\n\t\t\t\t<\/div>","protected":false},"excerpt":{"rendered":"<p>Pasen y vean a estos personajes que nos llevar\u00e1n por selv\u00e1ticas geograf\u00edas, con sus p\u00edcaras andanzas.<\/p>","protected":false},"author":1,"featured_media":794,"parent":0,"menu_order":0,"comment_status":"closed","ping_status":"closed","template":"","meta":{"footnotes":""},"class_list":["post-29","page","type-page","status-publish","has-post-thumbnail","hentry"],"yoast_head":"<!-- This site is optimized with the Yoast SEO plugin v24.9 - https:\/\/yoast.com\/wordpress\/plugins\/seo\/ -->\n<title>Espect\u00e1culos - Marco Flecha<\/title>\n<meta name=\"description\" content=\"Pasen y vean a estos personajes que nos llevar\u00e1n por selv\u00e1ticas geograf\u00edas, con sus p\u00edcaras andanzas.\" \/>\n<meta name=\"robots\" content=\"index, follow, max-snippet:-1, max-image-preview:large, max-video-preview:-1\" \/>\n<link rel=\"canonical\" href=\"https:\/\/marcoflecha.com\/en\/espectaculos\/\" \/>\n<meta property=\"og:locale\" content=\"en_GB\" \/>\n<meta property=\"og:type\" content=\"article\" \/>\n<meta property=\"og:title\" content=\"Espect\u00e1culos\" \/>\n<meta property=\"og:description\" content=\"Pasen y vean a estos personajes que nos llevar\u00e1n por selv\u00e1ticas geograf\u00edas, con sus p\u00edcaras andanzas.\" \/>\n<meta property=\"og:url\" content=\"https:\/\/marcoflecha.com\/en\/espectaculos\/\" \/>\n<meta property=\"og:site_name\" content=\"Marco Flecha\" \/>\n<meta property=\"article:publisher\" content=\"https:\/\/www.facebook.com\/cuenteropy\/\" \/>\n<meta property=\"article:modified_time\" content=\"2024-04-01T17:01:05+00:00\" \/>\n<meta property=\"og:image\" content=\"https:\/\/marcoflecha.com\/wp-content\/uploads\/2020\/03\/Marco-Adultos.-1.png\" \/>\n\t<meta property=\"og:image:width\" content=\"887\" \/>\n\t<meta property=\"og:image:height\" content=\"635\" \/>\n\t<meta property=\"og:image:type\" content=\"image\/png\" \/>\n<meta name=\"twitter:card\" content=\"summary_large_image\" \/>\n<meta name=\"twitter:title\" content=\"Espect\u00e1culos\" \/>\n<meta name=\"twitter:description\" content=\"Pasen y vean a estos personajes que nos llevar\u00e1n por selv\u00e1ticas geograf\u00edas, con sus p\u00edcaras andanzas.\" \/>\n<meta name=\"twitter:image\" content=\"https:\/\/marcoflecha.com\/wp-content\/uploads\/2020\/03\/Marco-Adultos.-1.png\" \/>\n<meta name=\"twitter:site\" content=\"@cuenteropy\" \/>\n<meta name=\"twitter:label1\" content=\"Estimated reading time\" \/>\n\t<meta name=\"twitter:data1\" content=\"1 minute\" \/>\n<script type=\"application\/ld+json\" class=\"yoast-schema-graph\">{\"@context\":\"https:\/\/schema.org\",\"@graph\":[{\"@type\":\"WebPage\",\"@id\":\"https:\/\/marcoflecha.com\/espectaculos\/\",\"url\":\"https:\/\/marcoflecha.com\/espectaculos\/\",\"name\":\"Espect\u00e1culos - Marco Flecha\",\"isPartOf\":{\"@id\":\"https:\/\/marcoflecha.com\/#website\"},\"primaryImageOfPage\":{\"@id\":\"https:\/\/marcoflecha.com\/espectaculos\/#primaryimage\"},\"image\":{\"@id\":\"https:\/\/marcoflecha.com\/espectaculos\/#primaryimage\"},\"thumbnailUrl\":\"https:\/\/marcoflecha.com\/wp-content\/uploads\/2020\/03\/Marco-Adultos.-1.png\",\"datePublished\":\"2018-08-06T17:25:51+00:00\",\"dateModified\":\"2024-04-01T17:01:05+00:00\",\"description\":\"Pasen y vean a estos personajes que nos llevar\u00e1n por selv\u00e1ticas geograf\u00edas, con sus p\u00edcaras andanzas.\",\"breadcrumb\":{\"@id\":\"https:\/\/marcoflecha.com\/espectaculos\/#breadcrumb\"},\"inLanguage\":\"en-GB\",\"potentialAction\":[{\"@type\":\"ReadAction\",\"target\":[\"https:\/\/marcoflecha.com\/espectaculos\/\"]}]},{\"@type\":\"ImageObject\",\"inLanguage\":\"en-GB\",\"@id\":\"https:\/\/marcoflecha.com\/espectaculos\/#primaryimage\",\"url\":\"https:\/\/marcoflecha.com\/wp-content\/uploads\/2020\/03\/Marco-Adultos.-1.png\",\"contentUrl\":\"https:\/\/marcoflecha.com\/wp-content\/uploads\/2020\/03\/Marco-Adultos.-1.png\",\"width\":887,\"height\":635,\"caption\":\"Marco Flecha - Espect\u00e1culos\"},{\"@type\":\"BreadcrumbList\",\"@id\":\"https:\/\/marcoflecha.com\/espectaculos\/#breadcrumb\",\"itemListElement\":[{\"@type\":\"ListItem\",\"position\":1,\"name\":\"Portada\",\"item\":\"https:\/\/marcoflecha.com\/\"},{\"@type\":\"ListItem\",\"position\":2,\"name\":\"Espect\u00e1culos\"}]},{\"@type\":\"WebSite\",\"@id\":\"https:\/\/marcoflecha.com\/#website\",\"url\":\"https:\/\/marcoflecha.com\/\",\"name\":\"Marco Flecha\",\"description\":\"Narrador oral, actor y creador sonoro\",\"publisher\":{\"@id\":\"https:\/\/marcoflecha.com\/#\/schema\/person\/1411ade6b83fefb02f3532cd178a6532\"},\"alternateName\":\"Marco Flecha narrador oral\",\"potentialAction\":[{\"@type\":\"SearchAction\",\"target\":{\"@type\":\"EntryPoint\",\"urlTemplate\":\"https:\/\/marcoflecha.com\/?s={search_term_string}\"},\"query-input\":{\"@type\":\"PropertyValueSpecification\",\"valueRequired\":true,\"valueName\":\"search_term_string\"}}],\"inLanguage\":\"en-GB\"},{\"@type\":[\"Person\",\"Organization\"],\"@id\":\"https:\/\/marcoflecha.com\/#\/schema\/person\/1411ade6b83fefb02f3532cd178a6532\",\"name\":\"cuenteropy\",\"image\":{\"@type\":\"ImageObject\",\"inLanguage\":\"en-GB\",\"@id\":\"https:\/\/marcoflecha.com\/#\/schema\/person\/image\/\",\"url\":\"https:\/\/marcoflecha.com\/wp-content\/uploads\/2020\/09\/marcoFlecha-1.png\",\"contentUrl\":\"https:\/\/marcoflecha.com\/wp-content\/uploads\/2020\/09\/marcoFlecha-1.png\",\"width\":688,\"height\":267,\"caption\":\"cuenteropy\"},\"logo\":{\"@id\":\"https:\/\/marcoflecha.com\/#\/schema\/person\/image\/\"},\"sameAs\":[\"https:\/\/www.facebook.com\/cuenteropy\/\",\"https:\/\/www.instagram.com\/cuenteropy\/\",\"https:\/\/x.com\/cuenteropy\"]}]}<\/script>\n<!-- \/ Yoast SEO plugin. -->","yoast_head_json":{"title":"Espect\u00e1culos - Marco Flecha","description":"Pasen y vean a estos personajes que nos llevar\u00e1n por selv\u00e1ticas geograf\u00edas, con sus p\u00edcaras andanzas.","robots":{"index":"index","follow":"follow","max-snippet":"max-snippet:-1","max-image-preview":"max-image-preview:large","max-video-preview":"max-video-preview:-1"},"canonical":"https:\/\/marcoflecha.com\/en\/espectaculos\/","og_locale":"en_GB","og_type":"article","og_title":"Espect\u00e1culos","og_description":"Pasen y vean a estos personajes que nos llevar\u00e1n por selv\u00e1ticas geograf\u00edas, con sus p\u00edcaras andanzas.","og_url":"https:\/\/marcoflecha.com\/en\/espectaculos\/","og_site_name":"Marco Flecha","article_publisher":"https:\/\/www.facebook.com\/cuenteropy\/","article_modified_time":"2024-04-01T17:01:05+00:00","og_image":[{"width":887,"height":635,"url":"https:\/\/marcoflecha.com\/wp-content\/uploads\/2020\/03\/Marco-Adultos.-1.png","type":"image\/png"}],"twitter_card":"summary_large_image","twitter_title":"Espect\u00e1culos","twitter_description":"Pasen y vean a estos personajes que nos llevar\u00e1n por selv\u00e1ticas geograf\u00edas, con sus p\u00edcaras andanzas.","twitter_image":"https:\/\/marcoflecha.com\/wp-content\/uploads\/2020\/03\/Marco-Adultos.-1.png","twitter_site":"@cuenteropy","twitter_misc":{"Estimated reading time":"1 minute"},"schema":{"@context":"https:\/\/schema.org","@graph":[{"@type":"WebPage","@id":"https:\/\/marcoflecha.com\/espectaculos\/","url":"https:\/\/marcoflecha.com\/espectaculos\/","name":"Espect\u00e1culos - Marco Flecha","isPartOf":{"@id":"https:\/\/marcoflecha.com\/#website"},"primaryImageOfPage":{"@id":"https:\/\/marcoflecha.com\/espectaculos\/#primaryimage"},"image":{"@id":"https:\/\/marcoflecha.com\/espectaculos\/#primaryimage"},"thumbnailUrl":"https:\/\/marcoflecha.com\/wp-content\/uploads\/2020\/03\/Marco-Adultos.-1.png","datePublished":"2018-08-06T17:25:51+00:00","dateModified":"2024-04-01T17:01:05+00:00","description":"Pasen y vean a estos personajes que nos llevar\u00e1n por selv\u00e1ticas geograf\u00edas, con sus p\u00edcaras andanzas.","breadcrumb":{"@id":"https:\/\/marcoflecha.com\/espectaculos\/#breadcrumb"},"inLanguage":"en-GB","potentialAction":[{"@type":"ReadAction","target":["https:\/\/marcoflecha.com\/espectaculos\/"]}]},{"@type":"ImageObject","inLanguage":"en-GB","@id":"https:\/\/marcoflecha.com\/espectaculos\/#primaryimage","url":"https:\/\/marcoflecha.com\/wp-content\/uploads\/2020\/03\/Marco-Adultos.-1.png","contentUrl":"https:\/\/marcoflecha.com\/wp-content\/uploads\/2020\/03\/Marco-Adultos.-1.png","width":887,"height":635,"caption":"Marco Flecha - Espect\u00e1culos"},{"@type":"BreadcrumbList","@id":"https:\/\/marcoflecha.com\/espectaculos\/#breadcrumb","itemListElement":[{"@type":"ListItem","position":1,"name":"Portada","item":"https:\/\/marcoflecha.com\/"},{"@type":"ListItem","position":2,"name":"Espect\u00e1culos"}]},{"@type":"WebSite","@id":"https:\/\/marcoflecha.com\/#website","url":"https:\/\/marcoflecha.com\/","name":"Marco Flecha","description":"Narrador oral, actor y creador sonoro","publisher":{"@id":"https:\/\/marcoflecha.com\/#\/schema\/person\/1411ade6b83fefb02f3532cd178a6532"},"alternateName":"Marco Flecha narrador oral","potentialAction":[{"@type":"SearchAction","target":{"@type":"EntryPoint","urlTemplate":"https:\/\/marcoflecha.com\/?s={search_term_string}"},"query-input":{"@type":"PropertyValueSpecification","valueRequired":true,"valueName":"search_term_string"}}],"inLanguage":"en-GB"},{"@type":["Person","Organization"],"@id":"https:\/\/marcoflecha.com\/#\/schema\/person\/1411ade6b83fefb02f3532cd178a6532","name":"cuenteropy","image":{"@type":"ImageObject","inLanguage":"en-GB","@id":"https:\/\/marcoflecha.com\/#\/schema\/person\/image\/","url":"https:\/\/marcoflecha.com\/wp-content\/uploads\/2020\/09\/marcoFlecha-1.png","contentUrl":"https:\/\/marcoflecha.com\/wp-content\/uploads\/2020\/09\/marcoFlecha-1.png","width":688,"height":267,"caption":"cuenteropy"},"logo":{"@id":"https:\/\/marcoflecha.com\/#\/schema\/person\/image\/"},"sameAs":["https:\/\/www.facebook.com\/cuenteropy\/","https:\/\/www.instagram.com\/cuenteropy\/","https:\/\/x.com\/cuenteropy"]}]}},"_links":{"self":[{"href":"https:\/\/marcoflecha.com\/en\/wp-json\/wp\/v2\/pages\/29","targetHints":{"allow":["GET"]}}],"collection":[{"href":"https:\/\/marcoflecha.com\/en\/wp-json\/wp\/v2\/pages"}],"about":[{"href":"https:\/\/marcoflecha.com\/en\/wp-json\/wp\/v2\/types\/page"}],"author":[{"embeddable":true,"href":"https:\/\/marcoflecha.com\/en\/wp-json\/wp\/v2\/users\/1"}],"replies":[{"embeddable":true,"href":"https:\/\/marcoflecha.com\/en\/wp-json\/wp\/v2\/comments?post=29"}],"version-history":[{"count":225,"href":"https:\/\/marcoflecha.com\/en\/wp-json\/wp\/v2\/pages\/29\/revisions"}],"predecessor-version":[{"id":3147,"href":"https:\/\/marcoflecha.com\/en\/wp-json\/wp\/v2\/pages\/29\/revisions\/3147"}],"wp:featuredmedia":[{"embeddable":true,"href":"https:\/\/marcoflecha.com\/en\/wp-json\/wp\/v2\/media\/794"}],"wp:attachment":[{"href":"https:\/\/marcoflecha.com\/en\/wp-json\/wp\/v2\/media?parent=29"}],"curies":[{"name":"wp","href":"https:\/\/api.w.org\/{rel}","templated":true}]}}