{"id":167,"date":"2018-08-07T17:11:09","date_gmt":"2018-08-07T15:11:09","guid":{"rendered":"https:\/\/marcoflecha.com\/?page_id=167-old"},"modified":"2024-05-11T23:17:49","modified_gmt":"2024-05-11T21:17:49","slug":"sobre-mi","status":"publish","type":"page","link":"https:\/\/marcoflecha.com\/en\/sobre-mi\/","title":{"rendered":"About me"},"content":{"rendered":"<div data-elementor-type=\"wp-page\" data-elementor-id=\"167\" class=\"elementor elementor-167\" data-elementor-post-type=\"page\">\n\t\t\t\t\t\t<section class=\"elementor-section elementor-top-section elementor-element elementor-element-0c6a3ab elementor-section-full_width elementor-reverse-tablet elementor-reverse-mobile elementor-section-height-default elementor-section-height-default\" data-id=\"0c6a3ab\" data-element_type=\"section\" data-settings=\"{&quot;motion_fx_motion_fx_scrolling&quot;:&quot;yes&quot;,&quot;motion_fx_devices&quot;:[&quot;desktop&quot;,&quot;tablet&quot;,&quot;mobile&quot;]}\">\n\t\t\t\t\t\t<div class=\"elementor-container elementor-column-gap-no\">\n\t\t\t\t\t<div class=\"elementor-column elementor-col-50 elementor-top-column elementor-element elementor-element-cb9d359\" data-id=\"cb9d359\" data-element_type=\"column\">\n\t\t\t<div class=\"elementor-widget-wrap elementor-element-populated\">\n\t\t\t\t\t\t<section class=\"elementor-section elementor-inner-section elementor-element elementor-element-2cdba7d elementor-section-full_width elementor-section-height-default elementor-section-height-default\" data-id=\"2cdba7d\" data-element_type=\"section\">\n\t\t\t\t\t\t<div class=\"elementor-container elementor-column-gap-no\">\n\t\t\t\t\t<div class=\"elementor-column elementor-col-100 elementor-inner-column elementor-element elementor-element-4985675\" data-id=\"4985675\" data-element_type=\"column\">\n\t\t\t<div class=\"elementor-widget-wrap elementor-element-populated\">\n\t\t\t\t\t\t<div class=\"elementor-element elementor-element-13419ee elementor-widget elementor-widget-heading\" data-id=\"13419ee\" data-element_type=\"widget\" data-widget_type=\"heading.default\">\n\t\t\t\t<div class=\"elementor-widget-container\">\n\t\t\t\t\t<h2 class=\"elementor-heading-title elementor-size-default\">About<b> me<\/b><\/h2>\t\t\t\t<\/div>\n\t\t\t\t<\/div>\n\t\t\t\t<div class=\"elementor-element elementor-element-1fa03c39 elementor-invisible elementor-widget elementor-widget-image\" data-id=\"1fa03c39\" data-element_type=\"widget\" data-settings=\"{&quot;_animation&quot;:&quot;zoomIn&quot;}\" data-widget_type=\"image.default\">\n\t\t\t\t<div class=\"elementor-widget-container\">\n\t\t\t\t\t\t\t\t\t\t\t\t\t\t\t<img fetchpriority=\"high\" decoding=\"async\" width=\"2560\" height=\"2074\" src=\"https:\/\/marcoflecha.com\/wp-content\/uploads\/2024\/04\/Marco-Flecha.jpg\" class=\"attachment-full size-full wp-image-3013\" alt=\"Marco Flecha narrador oral\" srcset=\"https:\/\/marcoflecha.com\/wp-content\/uploads\/2024\/04\/Marco-Flecha.jpg 2560w, https:\/\/marcoflecha.com\/wp-content\/uploads\/2024\/04\/Marco-Flecha-300x243.jpg 300w, https:\/\/marcoflecha.com\/wp-content\/uploads\/2024\/04\/Marco-Flecha-948x768.jpg 948w, https:\/\/marcoflecha.com\/wp-content\/uploads\/2024\/04\/Marco-Flecha-768x622.jpg 768w, https:\/\/marcoflecha.com\/wp-content\/uploads\/2024\/04\/Marco-Flecha-1536x1244.jpg 1536w, https:\/\/marcoflecha.com\/wp-content\/uploads\/2024\/04\/Marco-Flecha-2048x1659.jpg 2048w\" sizes=\"(max-width: 2560px) 100vw, 2560px\" \/>\t\t\t\t\t\t\t\t\t\t\t\t\t\t\t<\/div>\n\t\t\t\t<\/div>\n\t\t\t\t<div class=\"elementor-element elementor-element-1b10f60 elementor-invisible elementor-widget elementor-widget-image\" data-id=\"1b10f60\" data-element_type=\"widget\" data-settings=\"{&quot;_animation&quot;:&quot;zoomIn&quot;}\" data-widget_type=\"image.default\">\n\t\t\t\t<div class=\"elementor-widget-container\">\n\t\t\t\t\t\t\t\t\t\t\t\t\t\t\t<img decoding=\"async\" src=\"https:\/\/marcoflecha.com\/wp-content\/uploads\/2020\/09\/Recurso-1.svg\" class=\"attachment-full size-full wp-image-1151\" alt=\"\" \/>\t\t\t\t\t\t\t\t\t\t\t\t\t\t\t<\/div>\n\t\t\t\t<\/div>\n\t\t\t\t\t<\/div>\n\t\t<\/div>\n\t\t\t\t\t<\/div>\n\t\t<\/section>\n\t\t\t\t<div class=\"elementor-element elementor-element-37ce5a4 elementor-widget__width-initial elementor-invisible elementor-widget elementor-widget-spacer\" data-id=\"37ce5a4\" data-element_type=\"widget\" data-settings=\"{&quot;_animation&quot;:&quot;fadeInLeft&quot;,&quot;_animation_tablet&quot;:&quot;fadeInLeft&quot;,&quot;_animation_mobile&quot;:&quot;fadeInLeft&quot;}\" data-widget_type=\"spacer.default\">\n\t\t\t\t<div class=\"elementor-widget-container\">\n\t\t\t\t\t\t\t<div class=\"elementor-spacer\">\n\t\t\t<div class=\"elementor-spacer-inner\"><\/div>\n\t\t<\/div>\n\t\t\t\t\t\t<\/div>\n\t\t\t\t<\/div>\n\t\t\t\t\t<\/div>\n\t\t<\/div>\n\t\t\t\t<div class=\"elementor-column elementor-col-50 elementor-top-column elementor-element elementor-element-aa83bb0\" data-id=\"aa83bb0\" data-element_type=\"column\">\n\t\t\t<div class=\"elementor-widget-wrap elementor-element-populated\">\n\t\t\t\t\t\t<div class=\"elementor-element elementor-element-c5a5b6b elementor-widget-mobile__width-initial elementor-invisible elementor-widget elementor-widget-spacer\" data-id=\"c5a5b6b\" data-element_type=\"widget\" data-settings=\"{&quot;_animation&quot;:&quot;fadeInRight&quot;,&quot;_animation_tablet&quot;:&quot;fadeInRight&quot;,&quot;_animation_mobile&quot;:&quot;fadeInRight&quot;}\" data-widget_type=\"spacer.default\">\n\t\t\t\t<div class=\"elementor-widget-container\">\n\t\t\t\t\t\t\t<div class=\"elementor-spacer\">\n\t\t\t<div class=\"elementor-spacer-inner\"><\/div>\n\t\t<\/div>\n\t\t\t\t\t\t<\/div>\n\t\t\t\t<\/div>\n\t\t\t\t\t<\/div>\n\t\t<\/div>\n\t\t\t\t\t<\/div>\n\t\t<\/section>\n\t\t\t\t<section class=\"elementor-section elementor-top-section elementor-element elementor-element-fc2dbc9 elementor-reverse-tablet elementor-reverse-mobile elementor-section-content-top elementor-section-boxed elementor-section-height-default elementor-section-height-default\" data-id=\"fc2dbc9\" data-element_type=\"section\" data-settings=\"{&quot;motion_fx_motion_fx_scrolling&quot;:&quot;yes&quot;,&quot;motion_fx_devices&quot;:[&quot;desktop&quot;,&quot;tablet&quot;,&quot;mobile&quot;]}\">\n\t\t\t\t\t\t<div class=\"elementor-container elementor-column-gap-no\">\n\t\t\t\t\t<div class=\"elementor-column elementor-col-50 elementor-top-column elementor-element elementor-element-f178f29\" data-id=\"f178f29\" data-element_type=\"column\">\n\t\t\t<div class=\"elementor-widget-wrap elementor-element-populated\">\n\t\t\t\t\t\t<div class=\"elementor-element elementor-element-7047f6a1 elementor-widget elementor-widget-heading\" data-id=\"7047f6a1\" data-element_type=\"widget\" data-widget_type=\"heading.default\">\n\t\t\t\t<div class=\"elementor-widget-container\">\n\t\t\t\t\t<h2 class=\"elementor-heading-title elementor-size-default\">The origins<\/h2>\t\t\t\t<\/div>\n\t\t\t\t<\/div>\n\t\t\t\t<div class=\"elementor-element elementor-element-61bc0f0 elementor-widget elementor-widget-text-editor\" data-id=\"61bc0f0\" data-element_type=\"widget\" data-widget_type=\"text-editor.default\">\n\t\t\t\t<div class=\"elementor-widget-container\">\n\t\t\t\t\t\t\t\t\t<p>I was born in a town on the banks of the mighty Ypane River, in a town in Paraguay. <br \/>They say it was a morning of glittering constellations.<\/p><p>From that time onwards I embraced various professions until reaching theater and storytelling or oral narration. And, as it is a path of no return, here you have me sowing stories along the inviting paths of listening.<\/p>\t\t\t\t\t\t\t\t<\/div>\n\t\t\t\t<\/div>\n\t\t\t\t<div class=\"elementor-element elementor-element-0f46a72 elementor-hidden-tablet elementor-hidden-mobile elementor-widget elementor-widget-spacer\" data-id=\"0f46a72\" data-element_type=\"widget\" data-widget_type=\"spacer.default\">\n\t\t\t\t<div class=\"elementor-widget-container\">\n\t\t\t\t\t\t\t<div class=\"elementor-spacer\">\n\t\t\t<div class=\"elementor-spacer-inner\"><\/div>\n\t\t<\/div>\n\t\t\t\t\t\t<\/div>\n\t\t\t\t<\/div>\n\t\t\t\t<section class=\"elementor-section elementor-inner-section elementor-element elementor-element-7cb012e elementor-section-full_width elementor-section-height-default elementor-section-height-default\" data-id=\"7cb012e\" data-element_type=\"section\">\n\t\t\t\t\t\t<div class=\"elementor-container elementor-column-gap-no\">\n\t\t\t\t\t<div class=\"elementor-column elementor-col-100 elementor-inner-column elementor-element elementor-element-cca6868\" data-id=\"cca6868\" data-element_type=\"column\">\n\t\t\t<div class=\"elementor-widget-wrap elementor-element-populated\">\n\t\t\t\t\t\t<div class=\"elementor-element elementor-element-ea406eb elementor-invisible elementor-widget elementor-widget-image\" data-id=\"ea406eb\" data-element_type=\"widget\" data-settings=\"{&quot;_animation&quot;:&quot;zoomIn&quot;}\" data-widget_type=\"image.default\">\n\t\t\t\t<div class=\"elementor-widget-container\">\n\t\t\t\t\t\t\t\t\t\t\t\t\t\t\t<img decoding=\"async\" src=\"https:\/\/marcoflecha.com\/wp-content\/uploads\/2020\/09\/Recurso-1.svg\" class=\"attachment-full size-full wp-image-1151\" alt=\"\" \/>\t\t\t\t\t\t\t\t\t\t\t\t\t\t\t<\/div>\n\t\t\t\t<\/div>\n\t\t\t\t\t<\/div>\n\t\t<\/div>\n\t\t\t\t\t<\/div>\n\t\t<\/section>\n\t\t\t\t\t<\/div>\n\t\t<\/div>\n\t\t\t\t<div class=\"elementor-column elementor-col-50 elementor-top-column elementor-element elementor-element-00b1dfc\" data-id=\"00b1dfc\" data-element_type=\"column\">\n\t\t\t<div class=\"elementor-widget-wrap elementor-element-populated\">\n\t\t\t\t\t\t<div class=\"elementor-element elementor-element-761220f3 elementor-widget elementor-widget-heading\" data-id=\"761220f3\" data-element_type=\"widget\" data-widget_type=\"heading.default\">\n\t\t\t\t<div class=\"elementor-widget-container\">\n\t\t\t\t\t<h2 class=\"elementor-heading-title elementor-size-default\">Storytelling and theater<\/h2>\t\t\t\t<\/div>\n\t\t\t\t<\/div>\n\t\t\t\t<div class=\"elementor-element elementor-element-3857f386 elementor-widget elementor-widget-text-editor\" data-id=\"3857f386\" data-element_type=\"widget\" data-widget_type=\"text-editor.default\">\n\t\t\t\t<div class=\"elementor-widget-container\">\n\t\t\t\t\t\t\t\t\t<p>I dedicate myself to telling stories, I facilitate meetings and workshops, I do theater and I also dedicate time to sound creation, radio, and the world of podcasts.<\/p>\n<p>With stories and theater I have traveled through diverse geographies, from the slightly undulating plains of Uruguay, to the Andean peaks of Bolivia, passing through Chile, Argentina and Colombia. I settled in Seville, where I share projects with other storytelling colleagues and from here I move throughout the peninsula, although I was also telling stories in France and Portugal, animating libraries, schools, theaters, parks, bars, festivals and numerous book fairs.<\/p>\t\t\t\t\t\t\t\t<\/div>\n\t\t\t\t<\/div>\n\t\t\t\t\t<\/div>\n\t\t<\/div>\n\t\t\t\t\t<\/div>\n\t\t<\/section>\n\t\t\t\t<section class=\"elementor-section elementor-top-section elementor-element elementor-element-34b04965 elementor-section-full_width elementor-section-height-default elementor-section-height-default\" data-id=\"34b04965\" data-element_type=\"section\" data-settings=\"{&quot;motion_fx_motion_fx_scrolling&quot;:&quot;yes&quot;,&quot;motion_fx_devices&quot;:[&quot;desktop&quot;,&quot;tablet&quot;,&quot;mobile&quot;]}\">\n\t\t\t\t\t\t<div class=\"elementor-container elementor-column-gap-no\">\n\t\t\t\t\t<div class=\"elementor-column elementor-col-50 elementor-top-column elementor-element elementor-element-4b5a6e47\" data-id=\"4b5a6e47\" data-element_type=\"column\">\n\t\t\t<div class=\"elementor-widget-wrap\">\n\t\t\t\t\t\t\t<\/div>\n\t\t<\/div>\n\t\t\t\t<div class=\"elementor-column elementor-col-50 elementor-top-column elementor-element elementor-element-350436a3\" data-id=\"350436a3\" data-element_type=\"column\">\n\t\t\t<div class=\"elementor-widget-wrap elementor-element-populated\">\n\t\t\t\t\t\t<div class=\"elementor-element elementor-element-d125fd0 elementor-blockquote--skin-clean elementor-blockquote--align-center elementor-widget__width-initial elementor-widget-tablet__width-initial elementor-blockquote--button-color-official elementor-widget elementor-widget-blockquote\" data-id=\"d125fd0\" data-element_type=\"widget\" data-widget_type=\"blockquote.default\">\n\t\t\t\t<div class=\"elementor-widget-container\">\n\t\t\t\t\t\t\t<blockquote class=\"elementor-blockquote\">\n\t\t\t<p class=\"elementor-blockquote__content\">\n\t\t\t\tI welcome you and invite you to share stories and legends, imagining or\ninventing possible worlds, where we are free like the flutter of a hummingbird, the\nmythical \"Mainumby\" of the Guaran\u00ed.\t\t\t<\/p>\n\t\t\t\t\t\t\t<div class=\"e-q-footer\">\n\t\t\t\t\t\t\t\t\t\t\t<cite class=\"elementor-blockquote__author\">\u2014 Marco Flecha \u2014<\/cite>\n\t\t\t\t\t\t\t\t\t\t\t\t\t\t<\/div>\n\t\t\t\t\t<\/blockquote>\n\t\t\t\t\t\t<\/div>\n\t\t\t\t<\/div>\n\t\t\t\t\t<\/div>\n\t\t<\/div>\n\t\t\t\t\t<\/div>\n\t\t<\/section>\n\t\t\t\t<section class=\"elementor-section elementor-top-section elementor-element elementor-element-3ce23c03 elementor-section-full_width elementor-section-height-default elementor-section-height-default\" data-id=\"3ce23c03\" data-element_type=\"section\" data-settings=\"{&quot;motion_fx_motion_fx_scrolling&quot;:&quot;yes&quot;,&quot;motion_fx_devices&quot;:[&quot;desktop&quot;,&quot;tablet&quot;,&quot;mobile&quot;]}\">\n\t\t\t\t\t\t<div class=\"elementor-container elementor-column-gap-no\">\n\t\t\t\t\t<div class=\"elementor-column elementor-col-50 elementor-top-column elementor-element elementor-element-753a57a\" data-id=\"753a57a\" data-element_type=\"column\">\n\t\t\t<div class=\"elementor-widget-wrap\">\n\t\t\t\t\t\t\t<\/div>\n\t\t<\/div>\n\t\t\t\t<div class=\"elementor-column elementor-col-50 elementor-top-column elementor-element elementor-element-4ce74a01\" data-id=\"4ce74a01\" data-element_type=\"column\">\n\t\t\t<div class=\"elementor-widget-wrap elementor-element-populated\">\n\t\t\t\t\t\t<div class=\"elementor-element elementor-element-588a5a65 elementor-widget elementor-widget-gallery\" data-id=\"588a5a65\" data-element_type=\"widget\" data-settings=\"{&quot;columns&quot;:&quot;2&quot;,&quot;lazyload&quot;:&quot;yes&quot;,&quot;gallery_layout&quot;:&quot;grid&quot;,&quot;columns_tablet&quot;:2,&quot;columns_mobile&quot;:1,&quot;gap&quot;:{&quot;unit&quot;:&quot;px&quot;,&quot;size&quot;:10,&quot;sizes&quot;:[]},&quot;gap_tablet&quot;:{&quot;unit&quot;:&quot;px&quot;,&quot;size&quot;:10,&quot;sizes&quot;:[]},&quot;gap_mobile&quot;:{&quot;unit&quot;:&quot;px&quot;,&quot;size&quot;:10,&quot;sizes&quot;:[]},&quot;aspect_ratio&quot;:&quot;3:2&quot;,&quot;content_hover_animation&quot;:&quot;fade-in&quot;}\" data-widget_type=\"gallery.default\">\n\t\t\t\t<div class=\"elementor-widget-container\">\n\t\t\t\t\t\t\t<div class=\"elementor-gallery__container\">\n\t\t\t\t\t\t\t<div class=\"e-gallery-item elementor-gallery-item elementor-animated-content\">\n\t\t\t\t\t<div class=\"e-gallery-image elementor-gallery-item__image\" data-thumbnail=\"https:\/\/marcoflecha.com\/wp-content\/uploads\/2020\/09\/IMG_4901-scaled.jpg\" data-width=\"2560\" data-height=\"1920\" aria-label=\"\" role=\"img\" ><\/div>\n\t\t\t\t\t\t\t\t\t\t\t\t\t\t<\/div>\n\t\t\t\t\t\t\t<div class=\"e-gallery-item elementor-gallery-item elementor-animated-content\">\n\t\t\t\t\t<div class=\"e-gallery-image elementor-gallery-item__image\" data-thumbnail=\"https:\/\/marcoflecha.com\/wp-content\/uploads\/2024\/05\/52729479614_490d18aecf_4k-scaled.jpg\" data-width=\"2560\" data-height=\"1828\" aria-label=\"\" role=\"img\" ><\/div>\n\t\t\t\t\t\t\t\t\t\t\t\t\t\t<\/div>\n\t\t\t\t\t<\/div>\n\t\t\t\t\t<\/div>\n\t\t\t\t<\/div>\n\t\t\t\t\t<\/div>\n\t\t<\/div>\n\t\t\t\t\t<\/div>\n\t\t<\/section>\n\t\t\t\t<\/div>","protected":false},"excerpt":{"rendered":"<p>Sobre m\u00ed Los or\u00edgenes Nac\u00ed en un pueblo a orillas del caudaloso r\u00edo Ypane, en un pueblo del Paraguay. Dicen que fue una madrugada de constelaciones relucientes. Desde aquel tiempo a esta parte abrac\u00e9 varios oficios hasta llegar al teatro y a la cuenter\u00eda o narraci\u00f3n oral. Y, como es un camino sin retorno, aqu\u00ed [&hellip;]<\/p>","protected":false},"author":1,"featured_media":660,"parent":0,"menu_order":0,"comment_status":"closed","ping_status":"closed","template":"","meta":{"footnotes":""},"class_list":["post-167","page","type-page","status-publish","has-post-thumbnail","hentry"],"yoast_head":"<!-- This site is optimized with the Yoast SEO plugin v24.9 - https:\/\/yoast.com\/wordpress\/plugins\/seo\/ -->\n<title>Sobre m\u00ed - Marco Flecha<\/title>\n<meta name=\"description\" content=\"Sobre m\u00ed\" \/>\n<meta name=\"robots\" content=\"index, follow, max-snippet:-1, max-image-preview:large, max-video-preview:-1\" \/>\n<link rel=\"canonical\" href=\"https:\/\/marcoflecha.com\/en\/sobre-mi\/\" \/>\n<meta property=\"og:locale\" content=\"en_GB\" \/>\n<meta property=\"og:type\" content=\"article\" \/>\n<meta property=\"og:title\" content=\"Sobre m\u00ed - Marco Flecha\" \/>\n<meta property=\"og:description\" content=\"Sobre m\u00ed\" \/>\n<meta property=\"og:url\" content=\"https:\/\/marcoflecha.com\/en\/sobre-mi\/\" \/>\n<meta property=\"og:site_name\" content=\"Marco Flecha\" \/>\n<meta property=\"article:publisher\" content=\"https:\/\/www.facebook.com\/cuenteropy\/\" \/>\n<meta property=\"article:modified_time\" content=\"2024-05-11T21:17:49+00:00\" \/>\n<meta property=\"og:image\" content=\"https:\/\/marcoflecha.com\/wp-content\/uploads\/2019\/08\/Foto-web.1-Sobre-mi-5.png\" \/>\n\t<meta property=\"og:image:width\" content=\"2000\" \/>\n\t<meta property=\"og:image:height\" content=\"650\" \/>\n\t<meta property=\"og:image:type\" content=\"image\/png\" \/>\n<meta name=\"twitter:card\" content=\"summary_large_image\" \/>\n<meta name=\"twitter:site\" content=\"@cuenteropy\" \/>\n<meta name=\"twitter:label1\" content=\"Estimated reading time\" \/>\n\t<meta name=\"twitter:data1\" content=\"2 minutes\" \/>\n<script type=\"application\/ld+json\" class=\"yoast-schema-graph\">{\"@context\":\"https:\/\/schema.org\",\"@graph\":[{\"@type\":\"WebPage\",\"@id\":\"https:\/\/marcoflecha.com\/sobre-mi\/\",\"url\":\"https:\/\/marcoflecha.com\/sobre-mi\/\",\"name\":\"Sobre m\u00ed - Marco Flecha\",\"isPartOf\":{\"@id\":\"https:\/\/marcoflecha.com\/#website\"},\"primaryImageOfPage\":{\"@id\":\"https:\/\/marcoflecha.com\/sobre-mi\/#primaryimage\"},\"image\":{\"@id\":\"https:\/\/marcoflecha.com\/sobre-mi\/#primaryimage\"},\"thumbnailUrl\":\"https:\/\/marcoflecha.com\/wp-content\/uploads\/2019\/08\/Foto-web.1-Sobre-mi-5.png\",\"datePublished\":\"2018-08-07T15:11:09+00:00\",\"dateModified\":\"2024-05-11T21:17:49+00:00\",\"description\":\"Sobre m\u00ed\",\"breadcrumb\":{\"@id\":\"https:\/\/marcoflecha.com\/sobre-mi\/#breadcrumb\"},\"inLanguage\":\"en-GB\",\"potentialAction\":[{\"@type\":\"ReadAction\",\"target\":[\"https:\/\/marcoflecha.com\/sobre-mi\/\"]}]},{\"@type\":\"ImageObject\",\"inLanguage\":\"en-GB\",\"@id\":\"https:\/\/marcoflecha.com\/sobre-mi\/#primaryimage\",\"url\":\"https:\/\/marcoflecha.com\/wp-content\/uploads\/2019\/08\/Foto-web.1-Sobre-mi-5.png\",\"contentUrl\":\"https:\/\/marcoflecha.com\/wp-content\/uploads\/2019\/08\/Foto-web.1-Sobre-mi-5.png\",\"width\":2000,\"height\":650},{\"@type\":\"BreadcrumbList\",\"@id\":\"https:\/\/marcoflecha.com\/sobre-mi\/#breadcrumb\",\"itemListElement\":[{\"@type\":\"ListItem\",\"position\":1,\"name\":\"Portada\",\"item\":\"https:\/\/marcoflecha.com\/\"},{\"@type\":\"ListItem\",\"position\":2,\"name\":\"Sobre m\u00ed\"}]},{\"@type\":\"WebSite\",\"@id\":\"https:\/\/marcoflecha.com\/#website\",\"url\":\"https:\/\/marcoflecha.com\/\",\"name\":\"Marco Flecha\",\"description\":\"Narrador oral, actor y creador sonoro\",\"publisher\":{\"@id\":\"https:\/\/marcoflecha.com\/#\/schema\/person\/1411ade6b83fefb02f3532cd178a6532\"},\"alternateName\":\"Marco Flecha narrador oral\",\"potentialAction\":[{\"@type\":\"SearchAction\",\"target\":{\"@type\":\"EntryPoint\",\"urlTemplate\":\"https:\/\/marcoflecha.com\/?s={search_term_string}\"},\"query-input\":{\"@type\":\"PropertyValueSpecification\",\"valueRequired\":true,\"valueName\":\"search_term_string\"}}],\"inLanguage\":\"en-GB\"},{\"@type\":[\"Person\",\"Organization\"],\"@id\":\"https:\/\/marcoflecha.com\/#\/schema\/person\/1411ade6b83fefb02f3532cd178a6532\",\"name\":\"cuenteropy\",\"image\":{\"@type\":\"ImageObject\",\"inLanguage\":\"en-GB\",\"@id\":\"https:\/\/marcoflecha.com\/#\/schema\/person\/image\/\",\"url\":\"https:\/\/marcoflecha.com\/wp-content\/uploads\/2020\/09\/marcoFlecha-1.png\",\"contentUrl\":\"https:\/\/marcoflecha.com\/wp-content\/uploads\/2020\/09\/marcoFlecha-1.png\",\"width\":688,\"height\":267,\"caption\":\"cuenteropy\"},\"logo\":{\"@id\":\"https:\/\/marcoflecha.com\/#\/schema\/person\/image\/\"},\"sameAs\":[\"https:\/\/www.facebook.com\/cuenteropy\/\",\"https:\/\/www.instagram.com\/cuenteropy\/\",\"https:\/\/x.com\/cuenteropy\"]}]}<\/script>\n<!-- \/ Yoast SEO plugin. -->","yoast_head_json":{"title":"Sobre m\u00ed - Marco Flecha","description":"Sobre m\u00ed","robots":{"index":"index","follow":"follow","max-snippet":"max-snippet:-1","max-image-preview":"max-image-preview:large","max-video-preview":"max-video-preview:-1"},"canonical":"https:\/\/marcoflecha.com\/en\/sobre-mi\/","og_locale":"en_GB","og_type":"article","og_title":"Sobre m\u00ed - Marco Flecha","og_description":"Sobre m\u00ed","og_url":"https:\/\/marcoflecha.com\/en\/sobre-mi\/","og_site_name":"Marco Flecha","article_publisher":"https:\/\/www.facebook.com\/cuenteropy\/","article_modified_time":"2024-05-11T21:17:49+00:00","og_image":[{"width":2000,"height":650,"url":"https:\/\/marcoflecha.com\/wp-content\/uploads\/2019\/08\/Foto-web.1-Sobre-mi-5.png","type":"image\/png"}],"twitter_card":"summary_large_image","twitter_site":"@cuenteropy","twitter_misc":{"Estimated reading time":"2 minutes"},"schema":{"@context":"https:\/\/schema.org","@graph":[{"@type":"WebPage","@id":"https:\/\/marcoflecha.com\/sobre-mi\/","url":"https:\/\/marcoflecha.com\/sobre-mi\/","name":"Sobre m\u00ed - Marco Flecha","isPartOf":{"@id":"https:\/\/marcoflecha.com\/#website"},"primaryImageOfPage":{"@id":"https:\/\/marcoflecha.com\/sobre-mi\/#primaryimage"},"image":{"@id":"https:\/\/marcoflecha.com\/sobre-mi\/#primaryimage"},"thumbnailUrl":"https:\/\/marcoflecha.com\/wp-content\/uploads\/2019\/08\/Foto-web.1-Sobre-mi-5.png","datePublished":"2018-08-07T15:11:09+00:00","dateModified":"2024-05-11T21:17:49+00:00","description":"Sobre m\u00ed","breadcrumb":{"@id":"https:\/\/marcoflecha.com\/sobre-mi\/#breadcrumb"},"inLanguage":"en-GB","potentialAction":[{"@type":"ReadAction","target":["https:\/\/marcoflecha.com\/sobre-mi\/"]}]},{"@type":"ImageObject","inLanguage":"en-GB","@id":"https:\/\/marcoflecha.com\/sobre-mi\/#primaryimage","url":"https:\/\/marcoflecha.com\/wp-content\/uploads\/2019\/08\/Foto-web.1-Sobre-mi-5.png","contentUrl":"https:\/\/marcoflecha.com\/wp-content\/uploads\/2019\/08\/Foto-web.1-Sobre-mi-5.png","width":2000,"height":650},{"@type":"BreadcrumbList","@id":"https:\/\/marcoflecha.com\/sobre-mi\/#breadcrumb","itemListElement":[{"@type":"ListItem","position":1,"name":"Portada","item":"https:\/\/marcoflecha.com\/"},{"@type":"ListItem","position":2,"name":"Sobre m\u00ed"}]},{"@type":"WebSite","@id":"https:\/\/marcoflecha.com\/#website","url":"https:\/\/marcoflecha.com\/","name":"Marco Flecha","description":"Narrador oral, actor y creador sonoro","publisher":{"@id":"https:\/\/marcoflecha.com\/#\/schema\/person\/1411ade6b83fefb02f3532cd178a6532"},"alternateName":"Marco Flecha narrador oral","potentialAction":[{"@type":"SearchAction","target":{"@type":"EntryPoint","urlTemplate":"https:\/\/marcoflecha.com\/?s={search_term_string}"},"query-input":{"@type":"PropertyValueSpecification","valueRequired":true,"valueName":"search_term_string"}}],"inLanguage":"en-GB"},{"@type":["Person","Organization"],"@id":"https:\/\/marcoflecha.com\/#\/schema\/person\/1411ade6b83fefb02f3532cd178a6532","name":"cuenteropy","image":{"@type":"ImageObject","inLanguage":"en-GB","@id":"https:\/\/marcoflecha.com\/#\/schema\/person\/image\/","url":"https:\/\/marcoflecha.com\/wp-content\/uploads\/2020\/09\/marcoFlecha-1.png","contentUrl":"https:\/\/marcoflecha.com\/wp-content\/uploads\/2020\/09\/marcoFlecha-1.png","width":688,"height":267,"caption":"cuenteropy"},"logo":{"@id":"https:\/\/marcoflecha.com\/#\/schema\/person\/image\/"},"sameAs":["https:\/\/www.facebook.com\/cuenteropy\/","https:\/\/www.instagram.com\/cuenteropy\/","https:\/\/x.com\/cuenteropy"]}]}},"_links":{"self":[{"href":"https:\/\/marcoflecha.com\/en\/wp-json\/wp\/v2\/pages\/167","targetHints":{"allow":["GET"]}}],"collection":[{"href":"https:\/\/marcoflecha.com\/en\/wp-json\/wp\/v2\/pages"}],"about":[{"href":"https:\/\/marcoflecha.com\/en\/wp-json\/wp\/v2\/types\/page"}],"author":[{"embeddable":true,"href":"https:\/\/marcoflecha.com\/en\/wp-json\/wp\/v2\/users\/1"}],"replies":[{"embeddable":true,"href":"https:\/\/marcoflecha.com\/en\/wp-json\/wp\/v2\/comments?post=167"}],"version-history":[{"count":157,"href":"https:\/\/marcoflecha.com\/en\/wp-json\/wp\/v2\/pages\/167\/revisions"}],"predecessor-version":[{"id":3363,"href":"https:\/\/marcoflecha.com\/en\/wp-json\/wp\/v2\/pages\/167\/revisions\/3363"}],"wp:featuredmedia":[{"embeddable":true,"href":"https:\/\/marcoflecha.com\/en\/wp-json\/wp\/v2\/media\/660"}],"wp:attachment":[{"href":"https:\/\/marcoflecha.com\/en\/wp-json\/wp\/v2\/media?parent=167"}],"curies":[{"name":"wp","href":"https:\/\/api.w.org\/{rel}","templated":true}]}}