{"id":122,"date":"2018-08-07T10:56:25","date_gmt":"2018-08-07T08:56:25","guid":{"rendered":"https:\/\/marcoflecha.com\/?page_id=122-old"},"modified":"2025-04-16T11:35:24","modified_gmt":"2025-04-16T09:35:24","slug":"publico-adulto","status":"publish","type":"page","link":"https:\/\/marcoflecha.com\/en\/espectaculos\/publico-adulto\/","title":{"rendered":"P\u00fablico adulto"},"content":{"rendered":"<div data-elementor-type=\"wp-page\" data-elementor-id=\"122\" class=\"elementor elementor-122\" data-elementor-post-type=\"page\">\n\t\t\t\t\t\t<section class=\"elementor-section elementor-top-section elementor-element elementor-element-a9a9d87 elementor-section-full_width elementor-reverse-tablet elementor-reverse-mobile elementor-section-height-default elementor-section-height-default\" data-id=\"a9a9d87\" data-element_type=\"section\" data-settings=\"{&quot;motion_fx_motion_fx_scrolling&quot;:&quot;yes&quot;,&quot;motion_fx_devices&quot;:[&quot;desktop&quot;,&quot;tablet&quot;,&quot;mobile&quot;]}\">\n\t\t\t\t\t\t<div class=\"elementor-container elementor-column-gap-no\">\n\t\t\t\t\t<div class=\"elementor-column elementor-col-50 elementor-top-column elementor-element elementor-element-344f29a\" data-id=\"344f29a\" data-element_type=\"column\">\n\t\t\t<div class=\"elementor-widget-wrap elementor-element-populated\">\n\t\t\t\t\t\t<section class=\"elementor-section elementor-inner-section elementor-element elementor-element-40f769b elementor-section-full_width elementor-section-height-default elementor-section-height-default\" data-id=\"40f769b\" data-element_type=\"section\">\n\t\t\t\t\t\t<div class=\"elementor-container elementor-column-gap-no\">\n\t\t\t\t\t<div class=\"elementor-column elementor-col-100 elementor-inner-column elementor-element elementor-element-b52fcb8\" data-id=\"b52fcb8\" data-element_type=\"column\">\n\t\t\t<div class=\"elementor-widget-wrap elementor-element-populated\">\n\t\t\t\t\t\t<div class=\"elementor-element elementor-element-90b138c elementor-invisible elementor-widget elementor-widget-heading\" data-id=\"90b138c\" data-element_type=\"widget\" data-settings=\"{&quot;_animation&quot;:&quot;zoomIn&quot;}\" data-widget_type=\"heading.default\">\n\t\t\t\t<div class=\"elementor-widget-container\">\n\t\t\t\t\t<h2 class=\"elementor-heading-title elementor-size-default\">P\u00fablico <b>adulto<\/b><\/h2>\t\t\t\t<\/div>\n\t\t\t\t<\/div>\n\t\t\t\t<div class=\"elementor-element elementor-element-9663b65 elementor-widget elementor-widget-gallery\" data-id=\"9663b65\" data-element_type=\"widget\" data-settings=\"{&quot;gallery_layout&quot;:&quot;justified&quot;,&quot;overlay_title&quot;:&quot;title&quot;,&quot;overlay_description&quot;:&quot;description&quot;,&quot;ideal_row_height&quot;:{&quot;unit&quot;:&quot;px&quot;,&quot;size&quot;:419,&quot;sizes&quot;:[]},&quot;ideal_row_height_tablet&quot;:{&quot;unit&quot;:&quot;px&quot;,&quot;size&quot;:217,&quot;sizes&quot;:[]},&quot;ideal_row_height_mobile&quot;:{&quot;unit&quot;:&quot;px&quot;,&quot;size&quot;:500,&quot;sizes&quot;:[]},&quot;lazyload&quot;:&quot;yes&quot;,&quot;gap&quot;:{&quot;unit&quot;:&quot;px&quot;,&quot;size&quot;:10,&quot;sizes&quot;:[]},&quot;gap_tablet&quot;:{&quot;unit&quot;:&quot;px&quot;,&quot;size&quot;:10,&quot;sizes&quot;:[]},&quot;gap_mobile&quot;:{&quot;unit&quot;:&quot;px&quot;,&quot;size&quot;:10,&quot;sizes&quot;:[]},&quot;link_to&quot;:&quot;file&quot;,&quot;overlay_background&quot;:&quot;yes&quot;,&quot;content_hover_animation&quot;:&quot;fade-in&quot;}\" data-widget_type=\"gallery.default\">\n\t\t\t\t<div class=\"elementor-widget-container\">\n\t\t\t\t\t\t\t<div class=\"elementor-gallery__container\">\n\t\t\t\t\t\t\t<a class=\"e-gallery-item elementor-gallery-item elementor-animated-content\" href=\"https:\/\/marcoflecha.com\/wp-content\/uploads\/2024\/05\/Pueblo-chico.1.png\" data-elementor-open-lightbox=\"yes\" data-elementor-lightbox-slideshow=\"9663b65\" data-elementor-lightbox-description=\"Relatos que tejen las historias de los pueblos, desde la sutileza del primer amor, hasta las m\u00e1s disparatadas ocurrencias entre vecinos de un PUEBLO CHICO.\" data-e-action-hash=\"#elementor-action%3Aaction%3Dlightbox%26settings%3DeyJpZCI6MzI5NiwidXJsIjoiaHR0cHM6XC9cL21hcmNvZmxlY2hhLmNvbVwvd3AtY29udGVudFwvdXBsb2Fkc1wvMjAyNFwvMDVcL1B1ZWJsby1jaGljby4xLnBuZyIsInNsaWRlc2hvdyI6Ijk2NjNiNjUifQ%3D%3D\">\n\t\t\t\t\t<div class=\"e-gallery-image elementor-gallery-item__image\" data-thumbnail=\"https:\/\/marcoflecha.com\/wp-content\/uploads\/2024\/05\/Pueblo-chico.1.png\" data-width=\"1080\" data-height=\"1080\" aria-label=\"\" role=\"img\" ><\/div>\n\t\t\t\t\t\t\t\t\t\t\t<div class=\"elementor-gallery-item__overlay\"><\/div>\n\t\t\t\t\t\t\t\t\t\t\t\t\t\t\t<div class=\"elementor-gallery-item__content\">\n\t\t\t\t\t\t\t\t\t\t\t\t\t\t<div class=\"elementor-gallery-item__description\">\n\t\t\t\t\t\t\t\t\t\t\t\t\t\t\t\t\t\tRelatos que tejen las historias de los pueblos, desde la sutileza del primer amor, hasta las m\u00e1s disparatadas ocurrencias entre vecinos de un PUEBLO CHICO.\t\t\t\t\t\t\t\t<\/div>\n\t\t\t\t\t\t\t\t\t\t\t\t<\/div>\n\t\t\t\t\t\t\t\t\t<\/a>\n\t\t\t\t\t\t\t<a class=\"e-gallery-item elementor-gallery-item elementor-animated-content\" href=\"https:\/\/marcoflecha.com\/wp-content\/uploads\/2024\/05\/Cartel-Amoite.png\" data-elementor-open-lightbox=\"yes\" data-elementor-lightbox-slideshow=\"9663b65\" data-elementor-lightbox-description=\"Cuentos y leyendas del Cono sur de las Am\u00e9ricas. Historias que nos sumergen en el lado de lo agreste, lo tel\u00farico y a la vez de lo fant\u00e1stico. \" data-e-action-hash=\"#elementor-action%3Aaction%3Dlightbox%26settings%3DeyJpZCI6MzMyNSwidXJsIjoiaHR0cHM6XC9cL21hcmNvZmxlY2hhLmNvbVwvd3AtY29udGVudFwvdXBsb2Fkc1wvMjAyNFwvMDVcL0NhcnRlbC1BbW9pdGUucG5nIiwic2xpZGVzaG93IjoiOTY2M2I2NSJ9\">\n\t\t\t\t\t<div class=\"e-gallery-image elementor-gallery-item__image\" data-thumbnail=\"https:\/\/marcoflecha.com\/wp-content\/uploads\/2024\/05\/Cartel-Amoite.png\" data-width=\"1080\" data-height=\"1080\" aria-label=\"\" role=\"img\" ><\/div>\n\t\t\t\t\t\t\t\t\t\t\t<div class=\"elementor-gallery-item__overlay\"><\/div>\n\t\t\t\t\t\t\t\t\t\t\t\t\t\t\t<div class=\"elementor-gallery-item__content\">\n\t\t\t\t\t\t\t\t\t\t\t\t\t\t<div class=\"elementor-gallery-item__description\">\n\t\t\t\t\t\t\t\t\t\t\t\t\t\t\t\t\t\tCuentos y leyendas del Cono sur de las Am\u00e9ricas. Historias que nos sumergen en el lado de lo agreste, lo tel\u00farico y a la vez de lo fant\u00e1stico. \t\t\t\t\t\t\t\t<\/div>\n\t\t\t\t\t\t\t\t\t\t\t\t<\/div>\n\t\t\t\t\t\t\t\t\t<\/a>\n\t\t\t\t\t\t\t<a class=\"e-gallery-item elementor-gallery-item elementor-animated-content\" href=\"https:\/\/marcoflecha.com\/wp-content\/uploads\/2024\/05\/Encantados.1.png\" data-elementor-open-lightbox=\"yes\" data-elementor-lightbox-slideshow=\"9663b65\" data-elementor-lightbox-description=\"Historias de amor\u00edos, romances, despechos y p\u00f3cimas encantadas, con una buena dosis de humor, amor y erotismo en cada trama.\" data-e-action-hash=\"#elementor-action%3Aaction%3Dlightbox%26settings%3DeyJpZCI6MzMyNiwidXJsIjoiaHR0cHM6XC9cL21hcmNvZmxlY2hhLmNvbVwvd3AtY29udGVudFwvdXBsb2Fkc1wvMjAyNFwvMDVcL0VuY2FudGFkb3MuMS5wbmciLCJzbGlkZXNob3ciOiI5NjYzYjY1In0%3D\">\n\t\t\t\t\t<div class=\"e-gallery-image elementor-gallery-item__image\" data-thumbnail=\"https:\/\/marcoflecha.com\/wp-content\/uploads\/2024\/05\/Encantados.1.png\" data-width=\"1080\" data-height=\"1080\" aria-label=\"\" role=\"img\" ><\/div>\n\t\t\t\t\t\t\t\t\t\t\t<div class=\"elementor-gallery-item__overlay\"><\/div>\n\t\t\t\t\t\t\t\t\t\t\t\t\t\t\t<div class=\"elementor-gallery-item__content\">\n\t\t\t\t\t\t\t\t\t\t\t\t\t\t<div class=\"elementor-gallery-item__description\">\n\t\t\t\t\t\t\t\t\t\t\t\t\t\t\t\t\t\tHistorias de amor\u00edos, romances, despechos y p\u00f3cimas encantadas, con una buena dosis de humor, amor y erotismo en cada trama.\t\t\t\t\t\t\t\t<\/div>\n\t\t\t\t\t\t\t\t\t\t\t\t<\/div>\n\t\t\t\t\t\t\t\t\t<\/a>\n\t\t\t\t\t<\/div>\n\t\t\t\t\t<\/div>\n\t\t\t\t<\/div>\n\t\t\t\t<div class=\"elementor-element elementor-element-aa6d71c elementor-invisible elementor-widget elementor-widget-image\" data-id=\"aa6d71c\" data-element_type=\"widget\" data-settings=\"{&quot;_animation&quot;:&quot;zoomIn&quot;}\" data-widget_type=\"image.default\">\n\t\t\t\t<div class=\"elementor-widget-container\">\n\t\t\t\t\t\t\t\t\t\t\t\t\t\t\t<img decoding=\"async\" src=\"https:\/\/marcoflecha.com\/wp-content\/uploads\/2020\/09\/Recurso-1.svg\" class=\"attachment-full size-full wp-image-1151\" alt=\"\" \/>\t\t\t\t\t\t\t\t\t\t\t\t\t\t\t<\/div>\n\t\t\t\t<\/div>\n\t\t\t\t\t<\/div>\n\t\t<\/div>\n\t\t\t\t\t<\/div>\n\t\t<\/section>\n\t\t\t\t<div class=\"elementor-element elementor-element-ae7ee9b elementor-widget__width-initial elementor-invisible elementor-widget elementor-widget-spacer\" data-id=\"ae7ee9b\" data-element_type=\"widget\" data-settings=\"{&quot;_animation&quot;:&quot;fadeInLeft&quot;,&quot;_animation_tablet&quot;:&quot;fadeInLeft&quot;,&quot;_animation_mobile&quot;:&quot;fadeInLeft&quot;}\" data-widget_type=\"spacer.default\">\n\t\t\t\t<div class=\"elementor-widget-container\">\n\t\t\t\t\t\t\t<div class=\"elementor-spacer\">\n\t\t\t<div class=\"elementor-spacer-inner\"><\/div>\n\t\t<\/div>\n\t\t\t\t\t\t<\/div>\n\t\t\t\t<\/div>\n\t\t\t\t\t<\/div>\n\t\t<\/div>\n\t\t\t\t<div class=\"elementor-column elementor-col-50 elementor-top-column elementor-element elementor-element-48525c9\" data-id=\"48525c9\" data-element_type=\"column\">\n\t\t\t<div class=\"elementor-widget-wrap elementor-element-populated\">\n\t\t\t\t\t\t<div class=\"elementor-element elementor-element-894ddcd elementor-widget-mobile__width-initial elementor-invisible elementor-widget elementor-widget-spacer\" data-id=\"894ddcd\" data-element_type=\"widget\" data-settings=\"{&quot;_animation&quot;:&quot;fadeInRight&quot;,&quot;_animation_tablet&quot;:&quot;fadeInRight&quot;,&quot;_animation_mobile&quot;:&quot;fadeInRight&quot;}\" data-widget_type=\"spacer.default\">\n\t\t\t\t<div class=\"elementor-widget-container\">\n\t\t\t\t\t\t\t<div class=\"elementor-spacer\">\n\t\t\t<div class=\"elementor-spacer-inner\"><\/div>\n\t\t<\/div>\n\t\t\t\t\t\t<\/div>\n\t\t\t\t<\/div>\n\t\t\t\t\t<\/div>\n\t\t<\/div>\n\t\t\t\t\t<\/div>\n\t\t<\/section>\n\t\t\t\t<section class=\"elementor-section elementor-top-section elementor-element elementor-element-a5c6864 elementor-section-content-middle elementor-section-boxed elementor-section-height-default elementor-section-height-default elementor-invisible\" data-id=\"a5c6864\" data-element_type=\"section\" data-settings=\"{&quot;background_background&quot;:&quot;classic&quot;,&quot;animation&quot;:&quot;fadeIn&quot;}\">\n\t\t\t\t\t\t\t<div class=\"elementor-background-overlay\"><\/div>\n\t\t\t\t\t\t\t<div class=\"elementor-container elementor-column-gap-no\">\n\t\t\t\t\t<div class=\"elementor-column elementor-col-100 elementor-top-column elementor-element elementor-element-91f73be\" data-id=\"91f73be\" data-element_type=\"column\">\n\t\t\t<div class=\"elementor-widget-wrap elementor-element-populated\">\n\t\t\t\t\t\t<div class=\"elementor-element elementor-element-073fb26 elementor-invisible elementor-widget elementor-widget-heading\" data-id=\"073fb26\" data-element_type=\"widget\" data-settings=\"{&quot;_animation&quot;:&quot;zoomIn&quot;}\" data-widget_type=\"heading.default\">\n\t\t\t\t<div class=\"elementor-widget-container\">\n\t\t\t\t\t<h4 class=\"elementor-heading-title elementor-size-default\">\u00bfQuieres organizar una funci\u00f3n para adultos?<\/h4>\t\t\t\t<\/div>\n\t\t\t\t<\/div>\n\t\t\t\t<div class=\"elementor-element elementor-element-aa32567 elementor-invisible elementor-widget elementor-widget-heading\" data-id=\"aa32567\" data-element_type=\"widget\" data-settings=\"{&quot;_animation&quot;:&quot;zoomIn&quot;}\" data-widget_type=\"heading.default\">\n\t\t\t\t<div class=\"elementor-widget-container\">\n\t\t\t\t\t<h5 class=\"elementor-heading-title elementor-size-default\">Send me a message and I will respond as soon as possible<\/h5>\t\t\t\t<\/div>\n\t\t\t\t<\/div>\n\t\t\t\t<div class=\"elementor-element elementor-element-544615f elementor-align-center elementor-invisible elementor-widget elementor-widget-button\" data-id=\"544615f\" data-element_type=\"widget\" data-settings=\"{&quot;_animation&quot;:&quot;zoomIn&quot;}\" data-widget_type=\"button.default\">\n\t\t\t\t<div class=\"elementor-widget-container\">\n\t\t\t\t\t\t\t\t\t<div class=\"elementor-button-wrapper\">\n\t\t\t\t\t<a class=\"elementor-button elementor-button-link elementor-size-sm\" href=\"https:\/\/marcoflecha.com\/en\/contactemos\/\">\n\t\t\t\t\t\t<span class=\"elementor-button-content-wrapper\">\n\t\t\t\t\t\t\t\t\t<span class=\"elementor-button-text\">CONTACT ME<\/span>\n\t\t\t\t\t<\/span>\n\t\t\t\t\t<\/a>\n\t\t\t\t<\/div>\n\t\t\t\t\t\t\t\t<\/div>\n\t\t\t\t<\/div>\n\t\t\t\t\t<\/div>\n\t\t<\/div>\n\t\t\t\t\t<\/div>\n\t\t<\/section>\n\t\t\t\t<\/div>","protected":false},"excerpt":{"rendered":"<p>P\u00fablico adulto Relatos que tejen las historias de los pueblos, desde la sutileza del primer amor, hasta las m\u00e1s disparatadas ocurrencias entre vecinos de un PUEBLO CHICO. Cuentos y leyendas del Cono sur de las Am\u00e9ricas. Historias que nos sumergen en el lado de lo agreste, lo tel\u00farico y a la vez de lo fant\u00e1stico. [&hellip;]<\/p>","protected":false},"author":1,"featured_media":1540,"parent":29,"menu_order":0,"comment_status":"closed","ping_status":"closed","template":"","meta":{"footnotes":""},"class_list":["post-122","page","type-page","status-publish","has-post-thumbnail","hentry"],"yoast_head":"<!-- This site is optimized with the Yoast SEO plugin v24.9 - https:\/\/yoast.com\/wordpress\/plugins\/seo\/ -->\n<title>P\u00fablico adulto - Marco Flecha<\/title>\n<meta name=\"description\" content=\"P\u00fablico adulto\" \/>\n<meta name=\"robots\" content=\"index, follow, max-snippet:-1, max-image-preview:large, max-video-preview:-1\" \/>\n<link rel=\"canonical\" href=\"https:\/\/marcoflecha.com\/en\/espectaculos\/publico-adulto\/\" \/>\n<meta property=\"og:locale\" content=\"en_GB\" \/>\n<meta property=\"og:type\" content=\"article\" \/>\n<meta property=\"og:title\" content=\"P\u00fablico adulto - Marco Flecha\" \/>\n<meta property=\"og:description\" content=\"P\u00fablico adulto\" \/>\n<meta property=\"og:url\" content=\"https:\/\/marcoflecha.com\/en\/espectaculos\/publico-adulto\/\" \/>\n<meta property=\"og:site_name\" content=\"Marco Flecha\" \/>\n<meta property=\"article:publisher\" content=\"https:\/\/www.facebook.com\/cuenteropy\/\" \/>\n<meta property=\"article:modified_time\" content=\"2025-04-16T09:35:24+00:00\" \/>\n<meta property=\"og:image\" content=\"https:\/\/marcoflecha.com\/wp-content\/uploads\/2023\/09\/Marco-actua.jpg\" \/>\n\t<meta property=\"og:image:width\" content=\"1673\" \/>\n\t<meta property=\"og:image:height\" content=\"1271\" \/>\n\t<meta property=\"og:image:type\" content=\"image\/jpeg\" \/>\n<meta name=\"twitter:card\" content=\"summary_large_image\" \/>\n<meta name=\"twitter:site\" content=\"@cuenteropy\" \/>\n<meta name=\"twitter:label1\" content=\"Estimated reading time\" \/>\n\t<meta name=\"twitter:data1\" content=\"1 minute\" \/>\n<script type=\"application\/ld+json\" class=\"yoast-schema-graph\">{\"@context\":\"https:\/\/schema.org\",\"@graph\":[{\"@type\":\"WebPage\",\"@id\":\"https:\/\/marcoflecha.com\/espectaculos\/publico-adulto\/\",\"url\":\"https:\/\/marcoflecha.com\/espectaculos\/publico-adulto\/\",\"name\":\"P\u00fablico adulto - Marco Flecha\",\"isPartOf\":{\"@id\":\"https:\/\/marcoflecha.com\/#website\"},\"primaryImageOfPage\":{\"@id\":\"https:\/\/marcoflecha.com\/espectaculos\/publico-adulto\/#primaryimage\"},\"image\":{\"@id\":\"https:\/\/marcoflecha.com\/espectaculos\/publico-adulto\/#primaryimage\"},\"thumbnailUrl\":\"https:\/\/marcoflecha.com\/wp-content\/uploads\/2023\/09\/Marco-actua.jpg\",\"datePublished\":\"2018-08-07T08:56:25+00:00\",\"dateModified\":\"2025-04-16T09:35:24+00:00\",\"description\":\"P\u00fablico adulto\",\"breadcrumb\":{\"@id\":\"https:\/\/marcoflecha.com\/espectaculos\/publico-adulto\/#breadcrumb\"},\"inLanguage\":\"en-GB\",\"potentialAction\":[{\"@type\":\"ReadAction\",\"target\":[\"https:\/\/marcoflecha.com\/espectaculos\/publico-adulto\/\"]}]},{\"@type\":\"ImageObject\",\"inLanguage\":\"en-GB\",\"@id\":\"https:\/\/marcoflecha.com\/espectaculos\/publico-adulto\/#primaryimage\",\"url\":\"https:\/\/marcoflecha.com\/wp-content\/uploads\/2023\/09\/Marco-actua.jpg\",\"contentUrl\":\"https:\/\/marcoflecha.com\/wp-content\/uploads\/2023\/09\/Marco-actua.jpg\",\"width\":1673,\"height\":1271},{\"@type\":\"BreadcrumbList\",\"@id\":\"https:\/\/marcoflecha.com\/espectaculos\/publico-adulto\/#breadcrumb\",\"itemListElement\":[{\"@type\":\"ListItem\",\"position\":1,\"name\":\"Portada\",\"item\":\"https:\/\/marcoflecha.com\/\"},{\"@type\":\"ListItem\",\"position\":2,\"name\":\"Espect\u00e1culos\",\"item\":\"https:\/\/marcoflecha.com\/espectaculos\/\"},{\"@type\":\"ListItem\",\"position\":3,\"name\":\"P\u00fablico adulto\"}]},{\"@type\":\"WebSite\",\"@id\":\"https:\/\/marcoflecha.com\/#website\",\"url\":\"https:\/\/marcoflecha.com\/\",\"name\":\"Marco Flecha\",\"description\":\"Narrador oral, actor y creador sonoro\",\"publisher\":{\"@id\":\"https:\/\/marcoflecha.com\/#\/schema\/person\/1411ade6b83fefb02f3532cd178a6532\"},\"alternateName\":\"Marco Flecha narrador oral\",\"potentialAction\":[{\"@type\":\"SearchAction\",\"target\":{\"@type\":\"EntryPoint\",\"urlTemplate\":\"https:\/\/marcoflecha.com\/?s={search_term_string}\"},\"query-input\":{\"@type\":\"PropertyValueSpecification\",\"valueRequired\":true,\"valueName\":\"search_term_string\"}}],\"inLanguage\":\"en-GB\"},{\"@type\":[\"Person\",\"Organization\"],\"@id\":\"https:\/\/marcoflecha.com\/#\/schema\/person\/1411ade6b83fefb02f3532cd178a6532\",\"name\":\"cuenteropy\",\"image\":{\"@type\":\"ImageObject\",\"inLanguage\":\"en-GB\",\"@id\":\"https:\/\/marcoflecha.com\/#\/schema\/person\/image\/\",\"url\":\"https:\/\/marcoflecha.com\/wp-content\/uploads\/2020\/09\/marcoFlecha-1.png\",\"contentUrl\":\"https:\/\/marcoflecha.com\/wp-content\/uploads\/2020\/09\/marcoFlecha-1.png\",\"width\":688,\"height\":267,\"caption\":\"cuenteropy\"},\"logo\":{\"@id\":\"https:\/\/marcoflecha.com\/#\/schema\/person\/image\/\"},\"sameAs\":[\"https:\/\/www.facebook.com\/cuenteropy\/\",\"https:\/\/www.instagram.com\/cuenteropy\/\",\"https:\/\/x.com\/cuenteropy\"]}]}<\/script>\n<!-- \/ Yoast SEO plugin. -->","yoast_head_json":{"title":"P\u00fablico adulto - Marco Flecha","description":"P\u00fablico adulto","robots":{"index":"index","follow":"follow","max-snippet":"max-snippet:-1","max-image-preview":"max-image-preview:large","max-video-preview":"max-video-preview:-1"},"canonical":"https:\/\/marcoflecha.com\/en\/espectaculos\/publico-adulto\/","og_locale":"en_GB","og_type":"article","og_title":"P\u00fablico adulto - Marco Flecha","og_description":"P\u00fablico adulto","og_url":"https:\/\/marcoflecha.com\/en\/espectaculos\/publico-adulto\/","og_site_name":"Marco Flecha","article_publisher":"https:\/\/www.facebook.com\/cuenteropy\/","article_modified_time":"2025-04-16T09:35:24+00:00","og_image":[{"width":1673,"height":1271,"url":"https:\/\/marcoflecha.com\/wp-content\/uploads\/2023\/09\/Marco-actua.jpg","type":"image\/jpeg"}],"twitter_card":"summary_large_image","twitter_site":"@cuenteropy","twitter_misc":{"Estimated reading time":"1 minute"},"schema":{"@context":"https:\/\/schema.org","@graph":[{"@type":"WebPage","@id":"https:\/\/marcoflecha.com\/espectaculos\/publico-adulto\/","url":"https:\/\/marcoflecha.com\/espectaculos\/publico-adulto\/","name":"P\u00fablico adulto - Marco Flecha","isPartOf":{"@id":"https:\/\/marcoflecha.com\/#website"},"primaryImageOfPage":{"@id":"https:\/\/marcoflecha.com\/espectaculos\/publico-adulto\/#primaryimage"},"image":{"@id":"https:\/\/marcoflecha.com\/espectaculos\/publico-adulto\/#primaryimage"},"thumbnailUrl":"https:\/\/marcoflecha.com\/wp-content\/uploads\/2023\/09\/Marco-actua.jpg","datePublished":"2018-08-07T08:56:25+00:00","dateModified":"2025-04-16T09:35:24+00:00","description":"P\u00fablico adulto","breadcrumb":{"@id":"https:\/\/marcoflecha.com\/espectaculos\/publico-adulto\/#breadcrumb"},"inLanguage":"en-GB","potentialAction":[{"@type":"ReadAction","target":["https:\/\/marcoflecha.com\/espectaculos\/publico-adulto\/"]}]},{"@type":"ImageObject","inLanguage":"en-GB","@id":"https:\/\/marcoflecha.com\/espectaculos\/publico-adulto\/#primaryimage","url":"https:\/\/marcoflecha.com\/wp-content\/uploads\/2023\/09\/Marco-actua.jpg","contentUrl":"https:\/\/marcoflecha.com\/wp-content\/uploads\/2023\/09\/Marco-actua.jpg","width":1673,"height":1271},{"@type":"BreadcrumbList","@id":"https:\/\/marcoflecha.com\/espectaculos\/publico-adulto\/#breadcrumb","itemListElement":[{"@type":"ListItem","position":1,"name":"Portada","item":"https:\/\/marcoflecha.com\/"},{"@type":"ListItem","position":2,"name":"Espect\u00e1culos","item":"https:\/\/marcoflecha.com\/espectaculos\/"},{"@type":"ListItem","position":3,"name":"P\u00fablico adulto"}]},{"@type":"WebSite","@id":"https:\/\/marcoflecha.com\/#website","url":"https:\/\/marcoflecha.com\/","name":"Marco Flecha","description":"Narrador oral, actor y creador sonoro","publisher":{"@id":"https:\/\/marcoflecha.com\/#\/schema\/person\/1411ade6b83fefb02f3532cd178a6532"},"alternateName":"Marco Flecha narrador oral","potentialAction":[{"@type":"SearchAction","target":{"@type":"EntryPoint","urlTemplate":"https:\/\/marcoflecha.com\/?s={search_term_string}"},"query-input":{"@type":"PropertyValueSpecification","valueRequired":true,"valueName":"search_term_string"}}],"inLanguage":"en-GB"},{"@type":["Person","Organization"],"@id":"https:\/\/marcoflecha.com\/#\/schema\/person\/1411ade6b83fefb02f3532cd178a6532","name":"cuenteropy","image":{"@type":"ImageObject","inLanguage":"en-GB","@id":"https:\/\/marcoflecha.com\/#\/schema\/person\/image\/","url":"https:\/\/marcoflecha.com\/wp-content\/uploads\/2020\/09\/marcoFlecha-1.png","contentUrl":"https:\/\/marcoflecha.com\/wp-content\/uploads\/2020\/09\/marcoFlecha-1.png","width":688,"height":267,"caption":"cuenteropy"},"logo":{"@id":"https:\/\/marcoflecha.com\/#\/schema\/person\/image\/"},"sameAs":["https:\/\/www.facebook.com\/cuenteropy\/","https:\/\/www.instagram.com\/cuenteropy\/","https:\/\/x.com\/cuenteropy"]}]}},"_links":{"self":[{"href":"https:\/\/marcoflecha.com\/en\/wp-json\/wp\/v2\/pages\/122","targetHints":{"allow":["GET"]}}],"collection":[{"href":"https:\/\/marcoflecha.com\/en\/wp-json\/wp\/v2\/pages"}],"about":[{"href":"https:\/\/marcoflecha.com\/en\/wp-json\/wp\/v2\/types\/page"}],"author":[{"embeddable":true,"href":"https:\/\/marcoflecha.com\/en\/wp-json\/wp\/v2\/users\/1"}],"replies":[{"embeddable":true,"href":"https:\/\/marcoflecha.com\/en\/wp-json\/wp\/v2\/comments?post=122"}],"version-history":[{"count":91,"href":"https:\/\/marcoflecha.com\/en\/wp-json\/wp\/v2\/pages\/122\/revisions"}],"predecessor-version":[{"id":3381,"href":"https:\/\/marcoflecha.com\/en\/wp-json\/wp\/v2\/pages\/122\/revisions\/3381"}],"up":[{"embeddable":true,"href":"https:\/\/marcoflecha.com\/en\/wp-json\/wp\/v2\/pages\/29"}],"wp:featuredmedia":[{"embeddable":true,"href":"https:\/\/marcoflecha.com\/en\/wp-json\/wp\/v2\/media\/1540"}],"wp:attachment":[{"href":"https:\/\/marcoflecha.com\/en\/wp-json\/wp\/v2\/media?parent=122"}],"curies":[{"name":"wp","href":"https:\/\/api.w.org\/{rel}","templated":true}]}}